{"id":1079,"date":"2025-01-07T10:24:36","date_gmt":"2025-01-07T10:24:36","guid":{"rendered":"https:\/\/chrissmart.de\/?page_id=1079"},"modified":"2026-02-22T14:48:19","modified_gmt":"2026-02-22T14:48:19","slug":"smart-news","status":"publish","type":"page","link":"https:\/\/chrissmart.de\/es\/","title":{"rendered":"Noticias inteligentes: las \u00faltimas tendencias y desarrollos en el hogar inteligente"},"content":{"rendered":"<p>\u00a1Bienvenido a nuestras Noticias Inteligentes! Aqu\u00ed encontrar\u00e1s la informaci\u00f3n m\u00e1s reciente, tendencias emocionantes e innovaciones del mundo de la tecnolog\u00eda para hogares inteligentes. Ya sean sistemas de seguridad inteligentes, nuevos sensores, soluciones de energ\u00eda inteligente o avances en IA, te mantendremos al d\u00eda.<br>Sum\u00e9rjase en el futuro de la vida conectada y descubra c\u00f3mo la tecnolog\u00eda moderna hace que su hogar sea a\u00fan m\u00e1s c\u00f3modo, seguro y eficiente.<\/p>\n\n\n\n<div style=\"height:30px\" aria-hidden=\"true\" class=\"wp-block-spacer\"><\/div>\n\n\n                <div id=\"wpmagazine-modules-lite-post-grid-block-6692bc48-2837-4803-884a-f2100b5b8e74\" class=\"wpmagazine-modules-lite-post-grid-block alignwide block-6692bc48-2837-4803-884a-f2100b5b8e74 cvmm-block cvmm-block-post-grid--layout-one\">\r\n                        <div class=\"cvmm-post-wrapper cvmm-post--imagemargin column--two\">\r\n                        <article post-id=\"post-4404\" class=\"cvmm-post post-format--standard\" itemscope itemtype=\"http:\/\/schema.org\/articleBody\">\r\n                                                <div class=\"cvmm-post-thumb\">\r\n                                <a href=\"https:\/\/chrissmart.de\/es\/actualizacion-de-navimow-i2-lidar-pro-v4-1-0\/\" target=\"_blank\"><img decoding=\"async\" src=\"https:\/\/chrissmart.de\/wp-content\/uploads\/2026\/05\/Navimow-i2-LiDAR-Pro-erhaelt-grosses-V4.1.0-Update-mit-Home-Assistant-Auto-Mapping-und-Apple-\u201eWo-ist-1.png\" alt=\"Actualizaci\u00f3n de Navimow i2 LiDAR Pro V4.1.0 con Home Assistant, mapeo autom\u00e1tico y Apple &quot;\u00bfD\u00f3nde est\u00e1?&quot;\u201e\"\/><\/a>\r\n                                <span class=\"cvmm-post-cats-wrap cvmm-post-meta-item\"><span class=\"cvmm-post-cat cvmm-cat-37\"><a href=\"https:\/\/chrissmart.de\/es\/category\/navimow\/\" target=\"_blank\">Navimow<\/a><\/span><\/span>                            <\/div>\r\n                                                <h2 class=\"cvmm-post-title\">\r\n                                <a href=\"https:\/\/chrissmart.de\/es\/actualizacion-de-navimow-i2-lidar-pro-v4-1-0\/\" target=\"_blank\">\r\n                                    Actualizaci\u00f3n de Navimow i2 LiDAR Pro V4.1.0 con Home Assistant, mapeo autom\u00e1tico y Apple &quot;\u00bfD\u00f3nde est\u00e1?&quot;\u201e                                <\/a>\r\n                            <\/h2>\r\n                    \r\n                    <div class=\"cvmm-post-meta cvmm-meta-icon-show\">\r\n                        <span class=\"cvmm-post-date cvmm-post-meta-item\" itemprop=\"datePublished\"><a href=\"https:\/\/chrissmart.de\/es\/actualizacion-de-navimow-i2-lidar-pro-v4-1-0\/\" target=\"_blank\">10 de mayo de 2026<\/a><\/span><span class=\"cvmm-post-author-name cvmm-post-meta-item\" itemprop=\"author\"><a href=\"https:\/\/chrissmart.de\/es\/author\/admin\/\" target=\"_blank\">Chris<\/a><\/span>                    <\/div>\r\n                    <div class=\"cvmm-post-content\" itemprop=\"description\">Con la nueva versi\u00f3n de firmware y aplicaci\u00f3n V4.1.0, Segway ampl\u00eda la funcionalidad del Navimow i2 LiDAR\u2026<\/div><div class=\"cvmm-read-more\"><a href=\"https:\/\/chrissmart.de\/es\/actualizacion-de-navimow-i2-lidar-pro-v4-1-0\/\" target=\"_blank\">Leer el art\u00edculo<i class=\"fas fa-arrow-right\"><\/i><\/a><\/div>                <\/article>\r\n                        <article post-id=\"post-4384\" class=\"cvmm-post post-format--standard\" itemscope itemtype=\"http:\/\/schema.org\/articleBody\">\r\n                                                <div class=\"cvmm-post-thumb\">\r\n                                <a href=\"https:\/\/chrissmart.de\/es\/firmware-del-sensor-de-fugas-de-agua-ikea-klippbok-1-0-13\/\" target=\"_blank\"><img decoding=\"async\" src=\"https:\/\/chrissmart.de\/wp-content\/uploads\/2026\/05\/IKEA-KLIPPBOK-Wasserlecksensor-Firmware-Update-1.0.13-soll-Verbindungsprobleme-verbessern.png\" alt=\"La actualizaci\u00f3n de firmware 1.0.13 de IKEA KLIPBPOK tiene como objetivo mejorar los problemas de conexi\u00f3n.\"\/><\/a>\r\n                                <span class=\"cvmm-post-cats-wrap cvmm-post-meta-item\"><span class=\"cvmm-post-cat cvmm-cat-440\"><a href=\"https:\/\/chrissmart.de\/es\/category\/sistemas-de-hogar-inteligente-de-ikea\/\" target=\"_blank\">IKEA<\/a><\/span><span class=\"cvmm-post-cat cvmm-cat-441\"><a href=\"https:\/\/chrissmart.de\/es\/category\/ha\/\" target=\"_blank\">Asistente de hogar<\/a><\/span><\/span>                            <\/div>\r\n                                                <h2 class=\"cvmm-post-title\">\r\n                                <a href=\"https:\/\/chrissmart.de\/es\/firmware-del-sensor-de-fugas-de-agua-ikea-klippbok-1-0-13\/\" target=\"_blank\">\r\n                                    La actualizaci\u00f3n de firmware 1.0.13 de IKEA KLIPBPOK tiene como objetivo mejorar los problemas de conexi\u00f3n.                                <\/a>\r\n                            <\/h2>\r\n                    \r\n                    <div class=\"cvmm-post-meta cvmm-meta-icon-show\">\r\n                        <span class=\"cvmm-post-date cvmm-post-meta-item\" itemprop=\"datePublished\"><a href=\"https:\/\/chrissmart.de\/es\/firmware-del-sensor-de-fugas-de-agua-ikea-klippbok-1-0-13\/\" target=\"_blank\">10 de mayo de 2026<\/a><\/span><span class=\"cvmm-post-author-name cvmm-post-meta-item\" itemprop=\"author\"><a href=\"https:\/\/chrissmart.de\/es\/author\/admin\/\" target=\"_blank\">Chris<\/a><\/span>                    <\/div>\r\n                    <div class=\"cvmm-post-content\" itemprop=\"description\">Ya est\u00e1 disponible una nueva actualizaci\u00f3n de firmware para el sensor de fugas de agua IKEA KLIPBPOK. La nueva versi\u00f3n es la 1.0.13\u2026<\/div><div class=\"cvmm-read-more\"><a href=\"https:\/\/chrissmart.de\/es\/firmware-del-sensor-de-fugas-de-agua-ikea-klippbok-1-0-13\/\" target=\"_blank\">Leer el art\u00edculo<i class=\"fas fa-arrow-right\"><\/i><\/a><\/div>                <\/article>\r\n                        <article post-id=\"post-4352\" class=\"cvmm-post post-format--standard\" itemscope itemtype=\"http:\/\/schema.org\/articleBody\">\r\n                                                <div class=\"cvmm-post-thumb\">\r\n                                <a href=\"https:\/\/chrissmart.de\/es\/navimow-i105e-vs-i205-awd-las-diferencias-mas-importantes-en-comparacion\/\" target=\"_blank\"><img decoding=\"async\" src=\"https:\/\/chrissmart.de\/wp-content\/uploads\/2026\/05\/Navimow-i105E-vs.-i205-AWD-Die-wichtigsten-Unterschiede-im-Vergleich.png\" alt=\"Navimow i105E vs. i205 AWD: Las diferencias m\u00e1s importantes en comparaci\u00f3n\"\/><\/a>\r\n                                <span class=\"cvmm-post-cats-wrap cvmm-post-meta-item\"><span class=\"cvmm-post-cat cvmm-cat-37\"><a href=\"https:\/\/chrissmart.de\/es\/category\/navimow\/\" target=\"_blank\">Navimow<\/a><\/span><\/span>                            <\/div>\r\n                                                <h2 class=\"cvmm-post-title\">\r\n                                <a href=\"https:\/\/chrissmart.de\/es\/navimow-i105e-vs-i205-awd-las-diferencias-mas-importantes-en-comparacion\/\" target=\"_blank\">\r\n                                    Navimow i105E vs. i205 AWD: Las diferencias m\u00e1s importantes en comparaci\u00f3n                                <\/a>\r\n                            <\/h2>\r\n                    \r\n                    <div class=\"cvmm-post-meta cvmm-meta-icon-show\">\r\n                        <span class=\"cvmm-post-date cvmm-post-meta-item\" itemprop=\"datePublished\"><a href=\"https:\/\/chrissmart.de\/es\/navimow-i105e-vs-i205-awd-las-diferencias-mas-importantes-en-comparacion\/\" target=\"_blank\">8 de mayo de 2026<\/a><\/span><span class=\"cvmm-post-author-name cvmm-post-meta-item\" itemprop=\"author\"><a href=\"https:\/\/chrissmart.de\/es\/author\/admin\/\" target=\"_blank\">Chris<\/a><\/span>                    <\/div>\r\n                    <div class=\"cvmm-post-content\" itemprop=\"description\">Con el Navimow i105E, Segway lanz\u00f3 en 2024 uno de los cortac\u00e9spedes rob\u00f3ticos de gama b\u00e1sica m\u00e1s interesantes, sin cables perimetrales\u2026<\/div><div class=\"cvmm-read-more\"><a href=\"https:\/\/chrissmart.de\/es\/navimow-i105e-vs-i205-awd-las-diferencias-mas-importantes-en-comparacion\/\" target=\"_blank\">Leer el art\u00edculo<i class=\"fas fa-arrow-right\"><\/i><\/a><\/div>                <\/article>\r\n                        <article post-id=\"post-4348\" class=\"cvmm-post post-format--standard\" itemscope itemtype=\"http:\/\/schema.org\/articleBody\">\r\n                                                <div class=\"cvmm-post-thumb\">\r\n                                <a href=\"https:\/\/chrissmart.de\/es\/integracion-de-smartthings-y-home-assistant\/\" target=\"_blank\"><img decoding=\"async\" src=\"https:\/\/chrissmart.de\/wp-content\/uploads\/2026\/05\/GmWITlkWwAAX8F4.jpg\" alt=\"SmartThings y Home Assistant: La integraci\u00f3n oficial trae nuevas ventajas.\"\/><\/a>\r\n                                <span class=\"cvmm-post-cats-wrap cvmm-post-meta-item\"><span class=\"cvmm-post-cat cvmm-cat-441\"><a href=\"https:\/\/chrissmart.de\/es\/category\/ha\/\" target=\"_blank\">Asistente de hogar<\/a><\/span><\/span>                            <\/div>\r\n                                                <h2 class=\"cvmm-post-title\">\r\n                                <a href=\"https:\/\/chrissmart.de\/es\/integracion-de-smartthings-y-home-assistant\/\" target=\"_blank\">\r\n                                    SmartThings y Home Assistant: La integraci\u00f3n oficial trae nuevas ventajas.                                <\/a>\r\n                            <\/h2>\r\n                    \r\n                    <div class=\"cvmm-post-meta cvmm-meta-icon-show\">\r\n                        <span class=\"cvmm-post-date cvmm-post-meta-item\" itemprop=\"datePublished\"><a href=\"https:\/\/chrissmart.de\/es\/integracion-de-smartthings-y-home-assistant\/\" target=\"_blank\">7 de mayo de 2026<\/a><\/span><span class=\"cvmm-post-author-name cvmm-post-meta-item\" itemprop=\"author\"><a href=\"https:\/\/chrissmart.de\/es\/author\/admin\/\" target=\"_blank\">Chris<\/a><\/span>                    <\/div>\r\n                    <div class=\"cvmm-post-content\" itemprop=\"description\">Samsung SmartThings y Home Assistant ahora funcionar\u00e1n oficialmente juntos. La nueva integraci\u00f3n no solo mejora\u2026<\/div><div class=\"cvmm-read-more\"><a href=\"https:\/\/chrissmart.de\/es\/integracion-de-smartthings-y-home-assistant\/\" target=\"_blank\">Leer el art\u00edculo<i class=\"fas fa-arrow-right\"><\/i><\/a><\/div>                <\/article>\r\n                        <article post-id=\"post-4314\" class=\"cvmm-post post-format--standard\" itemscope itemtype=\"http:\/\/schema.org\/articleBody\">\r\n                                                <div class=\"cvmm-post-thumb\">\r\n                                <a href=\"https:\/\/chrissmart.de\/es\/se-ha-lanzado-la-version-beta-5-de-home-assistant-2026-integracion-de-hardware-antiguo\/\" target=\"_blank\"><img decoding=\"async\" src=\"https:\/\/chrissmart.de\/wp-content\/uploads\/2026\/05\/Home-Assistant-2026.5.png\" alt=\"Presentaci\u00f3n de Home Assistant 2026.5: M\u00e1s opciones para hardware antiguo, paneles de control m\u00e1s modernos y automatizaciones m\u00e1s inteligentes.\"\/><\/a>\r\n                                <span class=\"cvmm-post-cats-wrap cvmm-post-meta-item\"><span class=\"cvmm-post-cat cvmm-cat-441\"><a href=\"https:\/\/chrissmart.de\/es\/category\/ha\/\" target=\"_blank\">Asistente de hogar<\/a><\/span><\/span>                            <\/div>\r\n                                                <h2 class=\"cvmm-post-title\">\r\n                                <a href=\"https:\/\/chrissmart.de\/es\/se-ha-lanzado-la-version-beta-5-de-home-assistant-2026-integracion-de-hardware-antiguo\/\" target=\"_blank\">\r\n                                    Presentaci\u00f3n de Home Assistant 2026.5: M\u00e1s opciones para hardware antiguo, paneles de control m\u00e1s modernos y automatizaciones m\u00e1s inteligentes.                                <\/a>\r\n                            <\/h2>\r\n                    \r\n                    <div class=\"cvmm-post-meta cvmm-meta-icon-show\">\r\n                        <span class=\"cvmm-post-date cvmm-post-meta-item\" itemprop=\"datePublished\"><a href=\"https:\/\/chrissmart.de\/es\/se-ha-lanzado-la-version-beta-5-de-home-assistant-2026-integracion-de-hardware-antiguo\/\" target=\"_blank\">6 de mayo de 2026<\/a><\/span><span class=\"cvmm-post-author-name cvmm-post-meta-item\" itemprop=\"author\"><a href=\"https:\/\/chrissmart.de\/es\/author\/admin\/\" target=\"_blank\">Chris<\/a><\/span>                    <\/div>\r\n                    <div class=\"cvmm-post-content\" itemprop=\"description\">Con Home Assistant 2026.5, la Open Home Foundation lanza una de las actualizaciones m\u00e1s completas de\u2026<\/div><div class=\"cvmm-read-more\"><a href=\"https:\/\/chrissmart.de\/es\/se-ha-lanzado-la-version-beta-5-de-home-assistant-2026-integracion-de-hardware-antiguo\/\" target=\"_blank\">Leer el art\u00edculo<i class=\"fas fa-arrow-right\"><\/i><\/a><\/div>                <\/article>\r\n                        <article post-id=\"post-4292\" class=\"cvmm-post post-format--standard\" itemscope itemtype=\"http:\/\/schema.org\/articleBody\">\r\n                                                <div class=\"cvmm-post-thumb\">\r\n                                <a href=\"https:\/\/chrissmart.de\/es\/el-sensor-multifuncion-aqara-p100-ya-esta-disponible\/\" target=\"_blank\"><img decoding=\"async\" src=\"https:\/\/chrissmart.de\/wp-content\/uploads\/2026\/05\/p100-2.png\" alt=\"El sensor multifuncional Aqara P100 para puertas, ventanas y monitorizaci\u00f3n de objetos ya est\u00e1 disponible.\"\/><\/a>\r\n                                <span class=\"cvmm-post-cats-wrap cvmm-post-meta-item\"><span class=\"cvmm-post-cat cvmm-cat-36\"><a href=\"https:\/\/chrissmart.de\/es\/category\/aqara\/\" target=\"_blank\">Aqara<\/a><\/span><\/span>                            <\/div>\r\n                                                <h2 class=\"cvmm-post-title\">\r\n                                <a href=\"https:\/\/chrissmart.de\/es\/el-sensor-multifuncion-aqara-p100-ya-esta-disponible\/\" target=\"_blank\">\r\n                                    El sensor multifuncional Aqara P100 para puertas, ventanas y monitorizaci\u00f3n de objetos ya est\u00e1 disponible.                                <\/a>\r\n                            <\/h2>\r\n                    \r\n                    <div class=\"cvmm-post-meta cvmm-meta-icon-show\">\r\n                        <span class=\"cvmm-post-date cvmm-post-meta-item\" itemprop=\"datePublished\"><a href=\"https:\/\/chrissmart.de\/es\/el-sensor-multifuncion-aqara-p100-ya-esta-disponible\/\" target=\"_blank\">5 de mayo de 2026<\/a><\/span><span class=\"cvmm-post-author-name cvmm-post-meta-item\" itemprop=\"author\"><a href=\"https:\/\/chrissmart.de\/es\/author\/admin\/\" target=\"_blank\">Chris<\/a><\/span>                    <\/div>\r\n                    <div class=\"cvmm-post-content\" itemprop=\"description\">Con el sensor multifunci\u00f3n Aqara P100, Aqara lanza un nuevo sensor vers\u00e1til que\u2026<\/div><div class=\"cvmm-read-more\"><a href=\"https:\/\/chrissmart.de\/es\/el-sensor-multifuncion-aqara-p100-ya-esta-disponible\/\" target=\"_blank\">Leer el art\u00edculo<i class=\"fas fa-arrow-right\"><\/i><\/a><\/div>                <\/article>\r\n            <\/div>                <\/div><!-- #wpmagazine-modules-post-grid-block -->","protected":false},"excerpt":{"rendered":"<p>Willkommen in unserer Smart News! Hier findest du aktuelle Informationen, spannende Trends und frische Innovationen aus der Welt der Smart Home Technologie. Ob intelligente Sicherheitssysteme, neue Sensoren, smarte Energie-L\u00f6sungen oder Fortschritte in KI \u2013 wir halten dich immer auf dem Laufenden.Tauche ein in die Zukunft des vernetzten Wohnens und entdecke, wie moderne Technik dein Zuhause [&hellip;]<\/p>\n","protected":false},"author":1,"featured_media":0,"parent":0,"menu_order":0,"comment_status":"closed","ping_status":"closed","template":"","meta":{"_acf_changed":false,"googlesitekit_rrm_CAowl7q2DA:productID":"","footnotes":""},"class_list":["post-1079","page","type-page","status-publish","hentry"],"acf":[],"blog_post_layout_featured_media_urls":{"thumbnail":"","full":""},"categories_names":null,"comments_number":"0","wpmagazine_modules_lite_featured_media_urls":{"thumbnail":"","cvmm-medium":"","cvmm-medium-plus":"","cvmm-portrait":"","cvmm-medium-square":"","cvmm-large":"","cvmm-small":"","full":""},"jetpack_sharing_enabled":true,"_links":{"self":[{"href":"https:\/\/chrissmart.de\/es\/wp-json\/wp\/v2\/pages\/1079","targetHints":{"allow":["GET"]}}],"collection":[{"href":"https:\/\/chrissmart.de\/es\/wp-json\/wp\/v2\/pages"}],"about":[{"href":"https:\/\/chrissmart.de\/es\/wp-json\/wp\/v2\/types\/page"}],"author":[{"embeddable":true,"href":"https:\/\/chrissmart.de\/es\/wp-json\/wp\/v2\/users\/1"}],"replies":[{"embeddable":true,"href":"https:\/\/chrissmart.de\/es\/wp-json\/wp\/v2\/comments?post=1079"}],"version-history":[{"count":0,"href":"https:\/\/chrissmart.de\/es\/wp-json\/wp\/v2\/pages\/1079\/revisions"}],"wp:attachment":[{"href":"https:\/\/chrissmart.de\/es\/wp-json\/wp\/v2\/media?parent=1079"}],"curies":[{"name":"wp","href":"https:\/\/api.w.org\/{rel}","templated":true}]}}