{"id":4340,"date":"2026-05-06T17:52:29","date_gmt":"2026-05-06T17:52:29","guid":{"rendered":"https:\/\/chrissmart.de\/allgemeine-geschaeftsbedingungen\/"},"modified":"2026-05-06T17:52:29","modified_gmt":"2026-05-06T17:52:29","slug":"allgemeine-geschaeftsbedingungen","status":"publish","type":"page","link":"https:\/\/chrissmart.de\/es\/condiciones-generales-de-contratacion\/","title":{"rendered":"Condiciones generales de contrataci\u00f3n"},"content":{"rendered":"<!-- This legal document was generated by Complianz Terms &amp; Conditions https:\/\/wordpress.org\/plugins\/complianz-terms-conditions -->\n<div id=\"cmplz-document\" class=\"cmplz-document cmplz-terms-conditions\"><p><i>Los t\u00e9rminos y condiciones se actualizaron por \u00faltima vez el 6. mayo 2026<\/i><\/p><h2>1. Introducci\u00f3n<\/h2><p>Estos t\u00e9rminos y condiciones est\u00e1n disponibles en este sitio web y las transacciones est\u00e1n relacionadas con todos los productos y servicios. Usted puede estar obligado por contratos adicionales relacionados con su relaci\u00f3n con nosotros o con cualquier producto o servicio que reciba de nosotros. Si alguna de las disposiciones de los contratos adicionales entra en conflicto con alguna de las disposiciones de estas Condiciones, las disposiciones de los contratos adicionales prevalecer\u00e1n.<\/p><h2>2. Vinculaci\u00f3n<\/h2><p>Al registrarse en este sitio web, acceder a \u00e9l o utilizarlo de cualquier otro modo, usted acepta someterse a las condiciones que se exponen a continuaci\u00f3n. El s\u00f3lo uso de este sitio en la web implica la configuraci\u00f3n y aceptaci\u00f3n de estos t\u00e9rminos y condiciones. En todos los casos particulares, estos tambi\u00e9n se escriben de forma expl\u00edcita.<\/p><h2>3. Comunicaci\u00f3n electr\u00f3nica <\/h2><p>Para utilizar este sitio web o comunicarse con nuestros dispositivos a trav\u00e9s de dispositivos electr\u00f3nicos, aceptamos y reconocemos que las comunicaciones est\u00e1n conectadas a nuestro dispositivo electr\u00f3nico en el nuevo sitio web o entregan una conexi\u00f3n electr\u00f3nica, y aceptamos todos los acuerdos, notificaciones, divulgaciones y otra informaci\u00f3n Comunicaciones que le proporcionamos electr\u00f3nicamente satisfacen cualquier requisito legal, incluido, entre otros, el requisito de que dichas comunicaciones sean por escrito.<\/p><h2>4. Propiedad intelectual <\/h2><p>Nosotros o nuestros licenciantes poseemos y controlamos todos los derechos de autor y otros derechos de propiedad intelectual en el sitio web, y los datos, la informaci\u00f3n y otros recursos mostrados por o accesibles dentro del sitio web.<\/p><p class=\"cmplz-subtitle\">4.1 Todos los derechos est\u00e1n reservados <\/p><p>A menos que el contenido espec\u00edfico indique lo contrario, no se le otorgar\u00e1 una licencia ni ning\u00fan otro derecho en virtud de los derechos de autor, marcas comerciales, patentes y otros derechos de propiedad intelectual. Es importante que no pueda ser utilizado, copiado, reproducido, impreso, distribuido, integrado en formato electr\u00f3nico, alterado, implementado en ingenier\u00eda inversa, descompilado, transferido, descargado, transmitido, monetizado, vendido, comercializado o de cualquier otra forma de cualquier recurso de este sitio web en cualquier forma, sin nuestro permiso previo por escrito, excepto y s\u00f3lo en la medida en que se estipule lo contrario en normas de leyes obligatorias (como el derecho de cita).<\/p><h2>5. Bolet\u00edn de noticias<\/h2><p>No obstante lo anterior, usted puede reenviar nuestro bolet\u00edn de avisos en formato electr\u00f3nico a otras personas que puedan estar interesadas en visitar nuestro sitio web.<\/p><h2>6. Propiedad de terceros<\/h2><p>Nuestro sitio web puede incluir hiperv\u00ednculos y otras referencias a sitios web de terceros. No controlamos ni revisamos el contenido de los sitios web de terceros a los que se accede a este sitio web. Los productos o servicios recibidos por otros sitios web estar\u00e1n sujetos a los T\u00e9rminos y Condiciones aplicables de esos terceros. Las opiniones expresan el material que aparece en la web y no necesitan ser compartidas ni revendidas por nadie.<\/p><p>No somos responsables de las pr\u00e1cticas de privacidad o del contenido de estos sitios. Usted todos asumen los riesgos asociados al uso de estos sitios web y de cualquier servicio de terceros relacionados. No aceptaremos ninguna responsabilidad por cualquier p\u00e9rdida o da\u00f1o, sea cual sea la forma en que se produzca, que resulte de la divulgaci\u00f3n por su parte de informaci\u00f3n personal a terceros.<\/p><h2>7. Uso responsable<\/h2><p>Cuando visite el sitio web, podr\u00e1 utilizarlo \u00fanicamente para los fines previstos y obtener la licencia de estos t\u00e9rminos y condiciones, as\u00ed como una gu\u00eda pr\u00e1ctica con nosotros, y las leyes, regulaciones y pr\u00e1cticas en l\u00ednea generalmente aceptadas y directrices de la industria aplicables. Ning\u00fan usuario puede utilizar el sitio web ni utilizar nuestros servicios, publicar o distribuir el material que consiste (o est\u00e1 elaborado a partir de) software inform\u00e1tico malicioso; Utilizar los datos recogidos en nuestro sitio web para cualquier actividad de marketing directo, o llevar a cabo cualquier actividad de recopilaci\u00f3n de datos sistem\u00e1tica o automatizada en o en relaci\u00f3n con nuestro sitio web.<\/p><p>Esto impide estrictamente la activaci\u00f3n del dispositivo provocando o provocando da\u00f1os en el sitio web o interactuando con su funcionalidad, disponibilidad o acceso.<\/p><h2>8. Registro<\/h2><p>Puedes registrarte para obtener una copia de la nueva ubicaci\u00f3n en la web. Durante este proceso, es posible que la pida que Elijah una contraposici\u00f3n. Somos responsables de mantener la confidencialidad de las contradicciones e informarte sobre el contenido y comprometer con ning\u00fan socio en la informaci\u00f3n contradictoria, la informaci\u00f3n sobre el contenido o el acceso a un sitio web seguro o servicios con otras personas. No debe permitir que ninguna otra persona use su cuenta para acceder al sitio web porque usted es responsable de todas las actividades que ocurran a trav\u00e9s del uso de sus contradicciones o cuentas. La notificaci\u00f3n debe hacerse inmediatamente despu\u00e9s de la divulgaci\u00f3n de lo contrario.<\/p><p>Despu\u00e9s de la cancelaci\u00f3n de la cuenta, usted no intentar\u00e1 registrar una nueva cuenta sin nuestro permiso. <\/p><h2>9. Contenido publicado por usted<\/h2><p>Podemos ofrecer varias herramientas de comunicaci\u00f3n abierta en nuestro sitio web, como comentarios en el blog, publicaciones en el blog, foros, tablas de mensajes, valoraciones y rese\u00f1as, y varios servicios de redes sociales. Puede que no nos resultados factibles filtrar o supervisar todo el contenido que usted u otros puedan compartir o enviar a trav\u00e9s de nuestro sitio web. Sin embargo, nos reservamos el derecho de revisar el contenido y de supervisar todo el uso y la actividad en nuestro sitio web, y de eliminar o rechazar cualquier contenido a nuestra entera discreci\u00f3n. Al publicar informaci\u00f3n o utilizar cualquier herramienta de comunicaci\u00f3n abierta tal y como se menciona, usted acepta que su contenido cumplir\u00e1 con estos T\u00e9rminos y Condiciones y no debe ser il\u00edcito o ilegal, ni infringir los derechos legales de ninguna persona. <\/p><h2>10. Enviar ideas<\/h2><p>No env\u00ede ideas, inventos, trabajos de autor\u00eda y otra informaci\u00f3n que pueda considerarse su propia propiedad intelectual y que le gustar\u00eda presentarnos, a menos que primero hayamos firmado un acuerdo con respecto a la propiedad intelectual o un acuerdo de no divulgaci\u00f3n.  Si nos lo comunica en ausencia de dicho acuerdo por escrito, nos otorga una licencia mundial, irrevocable, no exclusiva y libre de derechos de autor para utilizar para utilizar, reproducir, almacenar, adaptar, publicar, traducir y distribuir su contenido en cualquier medio existente o futuro.<\/p><h2>11. Terminaci\u00f3n de uso <\/h2><p>Podemos, a nuestra entera discreci\u00f3n, modificar o interrumpir en cualquier momento el acceso, temporal o permanentemente, al sitio web oa cualquier Servicio del mismo. Hemos aceptado que no se ha dado ninguna responsabilidad antes de tener que esperar a la modificaci\u00f3n, suspensi\u00f3n o interrupci\u00f3n del acceso o uso del sitio web o de los contenidos que se hayan introducido en el sitio web. Usted no tendr\u00e1 derecho a ninguna compensaci\u00f3n ni a ning\u00fan otro pago, ni siquiera si se pierde de forma permanente determinadas funciones, configuraciones y\/o cualquier Contenido con el que haya contribuido o en que haya confiado. No debe eludir o evitar, o intentar eludir o evitar, cualquier medida de restricci\u00f3n de acceso en nuestro sitio web.<\/p><h2>12. Garant\u00edas y responsabilidad<\/h2><p>Nada de lo dispuesto en esta secci\u00f3n limitar\u00e1 o excluir\u00e1 cualquier garant\u00eda impl\u00edcita por ley que fuera ilegal limitar\u00e1 o excluir\u00e1. Este sitio web y todos sus contenidos son apropiados para \u201etal cual\u201c y \u201eseg\u00fan disponibilidad\u201c y pueden incluir inexactitudes o errores tipogr\u00e1ficos. Renunciamos a toda garant\u00eda de cualquier tipo, ya sea expresa o impl\u00edcita, en cuanto a la disponibilidad, precisi\u00f3n o integridad del Contenido.  No hay garant\u00edas de que:<\/p><p><ul>\n                    <li>Este sitio est\u00e1 en la web o contiene todos los contenidos cumplir\u00e1n con sus necesidades;<\/li>\n                    <li>Este sitio web est\u00e1 disponible de forma ininterrumpida, oportuna, segura o sin errores.<\/li>\n        <\/ul><\/p><p>Nada de lo contenido en este sitio web constituye o pretende constituir un asesoramiento jur\u00eddico, financiero o m\u00e9dico de ning\u00fan tipo. Si necesitas ayuda, deber\u00e1s consultar a un profesional adecuado.<\/p><p>Las siguientes disposiciones de esta secci\u00f3n se aplicar\u00e1n en la medida m\u00e1xima permitida por la ley aplicable y no limitar\u00e1n ni excluir\u00e1n nuestra responsabilidad con respecto a cualquier asunto que sea il\u00edcito o ilegal para nosotros limitar o excluir nuestra responsabilidad.  En este caso, somos responsables de los datos directos o indirectos (incluido el beneficio de los beneficios o errores, los datos o la corrupci\u00f3n de los datos, el software o la base de los datos, o los datos sobre la propiedad o los datos) incurridos para usted o por cualquier tercero, que surja de su acceso o uso de nuestro sitio web.<\/p><p>Salvo en la medida en que cualquier contrato adicional establezca expresamente lo contrario, nuestra responsabilidad maximal hacia usted por todos los da\u00f1os que surjan o est\u00e9n relacionados con el sitio web o con cualquier producto servicio comercializado o vendido a trav\u00e9s del sitio web, Independientemente de la forma de acci\u00f3n legal que imponga la responsabilidad (ya sea por contrato, equidad, negligencia, conducta intencionada, agravio o cualquier otra forma) se limitar\u00e1 el precio total que usted nos pag\u00f3 para comprar dichos productos o servicios o utilizar el sitio web. Dicho l\u00edmite se aplicar\u00e1 en conjunto a todas sus reclamaciones, acciones y causas de acci\u00f3n de cualquier tipo y naturaleza.<\/p><h2>13. Privacidad<\/h2><p>Para acceder a una nueva ubicaci\u00f3n en la web o a nuevos servicios, es posible recibir informaci\u00f3n al respecto durante el proceso de registro. Por favor, confirme que la informaci\u00f3n sea precisa, correcta y est\u00e9 actualizada.<\/p><p>Hemos desarrollado una pol\u00edtica para abordar cualquier preocupaci\u00f3n sobre la privacidad que pueda tener. Para obtener m\u00e1s informaci\u00f3n, consulte nuestro <a href=\"\">Declaraci\u00f3n de privacidad<\/a> y nuestro <a href=\"\">Pol\u00edtica de cookies<\/a>.<\/p><h2>14. Restricciones a la exportaci\u00f3n \/ Cumplimiento legal<\/h2><p>Por favor, intente acceder al sitio web desde territorios o tierras donde no se realicen compras de productos o servicios, ya que esto es ilegal. No puede utilizar este sitio web para infringir las normas de exportaci\u00f3n. .<\/p><h2>15. Marketing de afiliados<\/h2><p>Un trabajo en este sitio web puede utilizarse para activar actividades de marketing en la web o recibir una comisi\u00f3n o una comisi\u00f3n del proveedor de servicios o productos en este sitio web o en la web. Tambi\u00e9n podemos aceptar patrocinios y otras formas de compensaci\u00f3n publicitaria de empresas. Esta informaci\u00f3n pretende cumplir con los requisitos legales para sobre marketing y publicidad que se pueden presentar a la aplicaci\u00f3n, de acuerdo con los est\u00e1ndares de la Comisi\u00f3n Federal de Comercio de Estados Unidos.<\/p><h2>16. Tarea<\/h2><p>Usted no puede ceder, transferir o subcontratar ninguno de sus derechos y\/u obligaciones en virtud de estos T\u00e9rminos y condiciones, en su totalidad o en parte, a ning\u00fan tercero sin nuestro consentimiento previo por escrito. Cualquier supuesta asignaci\u00f3n en violaci\u00f3n de esta secci\u00f3n ser\u00e1 nula y sin efecto.<\/p><h2>17. Incumplimientos de estos T\u00e9rminos y condiciones <\/h2><p>Sin perjuicio de los dem\u00e1s derechos que nos asisten en virtud de los presentes T\u00e9rminos y Condiciones, si usted incumple estos T\u00e9rminos y Condiciones de cualquier manera, podremos tomar las medidas que consideremos oportunas para hacer frente al incumplimiento, incluyendo la suspensi\u00f3n temporal o permanente de su acceso al sitio web, poni\u00e9ndonos en contacto con su proveedor de servicios de Internet para solicitarle que bloquee su acceso al sitio web, y\/o iniciar acciones legales contra usted.<\/p><h2>18. Fuerza mayor (Fuerza mayor)<\/h2><p>Excepto en el caso de las obligaciones de pago de dinero, ning\u00fan retraso, fallo u omisi\u00f3n por parte de cualquiera de las partes en el cumplimiento o la observancia de cualquiera de sus obligaciones en virtud del presente documento se considera un incumplimiento de estos T\u00e9rminos y condiciones si, y mientras, dicho retraso, fallo u omisi\u00f3n se deba a una causa m\u00e1s all\u00e1 del control razonable de dira parte.<\/p><h2>19. Indemnizaci\u00f3n<\/h2><p>Usted se compromete a indemnizarnos, defendernos y eximirnos de toda reclamaci\u00f3n, responsabilidad, da\u00f1os, p\u00e9rdidas y gastos, relacionados con la violaci\u00f3n de estas condiciones y de las leyes aplicables, incluidos los derechos de propiedad intelectual y los derechos de privacidad. Usted nos reembolsar\u00e1 sin demora los da\u00f1os, p\u00e9rdidas, costos y gastos relacionados con dichas reclamaciones o derivados de ellas.<\/p><h2>20. Renuncia <\/h2><p>El incumplimiento de cualquiera de las disposiciones establecidas en estos T\u00e9rminos y condiciones y en cualquier Acuerdo, o la falta de ejercicio de cualquier opci\u00f3n de interrupci\u00f3n, no se interpretar\u00e1 como una renuncia a dichas disposiciones y no afectar\u00e1 a la validez de estos T\u00e9rminos y Condiciones del paciente Acuerdo o parte del mismo, no el derecho posterior de hacer cumplir todas y cada una de las disposiciones.<\/p><h2>21. Modismo<\/h2><p>Estos T\u00e9rminos y Condiciones se interpretar\u00e1n y analizar\u00e1n exclusivamente en Alem\u00e1n.&nbsp;Todas las notificaciones y la correspondencia se redactar\u00e1n exclusivamente en ese idioma. <\/p><h2>22. Acuerdo completo<\/h2><p>Estos T\u00e9rminos y Condiciones, junto con nosotros <a href=\"\">declaraci\u00f3n de privacidad<\/a> y <a href=\"\">pol\u00edtica de cookies<\/a>, constituyen el acuerdo completo entre usted y en relaci\u00f3n con su uso de este sitio web.<\/p><h2>23. Actualizaci\u00f3n de los presentes t\u00e9rminos y condiciones<\/h2><p>Es posible que estos t\u00e9rminos y condiciones sean reales en cada caso.  Es obligatorio revisar estos t\u00e9rminos y condiciones para diversos cambios y actualizaciones. La fecha indicada al principio de estas Condiciones Generales es la fecha m\u00e1xima de revisi\u00f3n. Los cambios a estos T\u00e9rminos y Condiciones entrar\u00e1n en vigencia cuando dichos cambios se publiquen en este sitio web.  El uso continuado de este sitio web tras la publicaci\u00f3n de cambios o actualizaciones se considerar\u00e1 un aviso de su aceptaci\u00f3n de cumplimiento y estar sujeto a estos T\u00e9rminos y Condiciones.<\/p><h2>24. Elecci\u00f3n de ley y jurisdicci\u00f3n <\/h2><p>Estos t\u00e9rminos y condiciones est\u00e1n controlados por los ojos. Cualquier disputa relacionada con estos T\u00e9rminos y Condiciones estar\u00e1 sujeta a la jurisdicci\u00f3n de los tribunales de .  Si un tribunal y otra autoridad consideran que parte de la disposici\u00f3n de estos t\u00e9rminos y condiciones es inv\u00e1lida y\/o inaplicable de conformidad con la ley, la parte de la disposici\u00f3n se modifica, elimina y\/o se aplica en la alcald\u00eda permitiendo que sea efectiva. Intenci\u00f3n de estos T\u00e9rminos y Condiciones.  Las dem\u00e1s disposiciones no se ver\u00e1n afectadas.<\/p><h2>25. Informaci\u00f3n de contacto<\/h2><p>Este sitio web es propiedad y est\u00e1 gestionado por .<\/p><h2>26. Descargar<\/h2><p>Tambi\u00e9n puedes <a href=\"https:\/\/chrissmart.de\/wp-content\/plugins\/complianz-terms-conditions\/download.php\">descargar<\/a> Nuestros T\u00e9rminos y Condiciones en formato PDF.<\/p><\/div>","protected":false},"excerpt":{"rendered":"","protected":false},"author":1,"featured_media":0,"parent":0,"menu_order":0,"comment_status":"closed","ping_status":"closed","template":"","meta":{"_acf_changed":false,"googlesitekit_rrm_CAowl7q2DA:productID":"","footnotes":""},"class_list":["post-4340","page","type-page","status-publish","hentry"],"acf":[],"blog_post_layout_featured_media_urls":{"thumbnail":"","full":""},"categories_names":null,"comments_number":"0","wpmagazine_modules_lite_featured_media_urls":{"thumbnail":"","cvmm-medium":"","cvmm-medium-plus":"","cvmm-portrait":"","cvmm-medium-square":"","cvmm-large":"","cvmm-small":"","full":""},"jetpack_sharing_enabled":true,"_links":{"self":[{"href":"https:\/\/chrissmart.de\/es\/wp-json\/wp\/v2\/pages\/4340","targetHints":{"allow":["GET"]}}],"collection":[{"href":"https:\/\/chrissmart.de\/es\/wp-json\/wp\/v2\/pages"}],"about":[{"href":"https:\/\/chrissmart.de\/es\/wp-json\/wp\/v2\/types\/page"}],"author":[{"embeddable":true,"href":"https:\/\/chrissmart.de\/es\/wp-json\/wp\/v2\/users\/1"}],"replies":[{"embeddable":true,"href":"https:\/\/chrissmart.de\/es\/wp-json\/wp\/v2\/comments?post=4340"}],"version-history":[{"count":0,"href":"https:\/\/chrissmart.de\/es\/wp-json\/wp\/v2\/pages\/4340\/revisions"}],"wp:attachment":[{"href":"https:\/\/chrissmart.de\/es\/wp-json\/wp\/v2\/media?parent=4340"}],"curies":[{"name":"wp","href":"https:\/\/api.w.org\/{rel}","templated":true}]}}