{"id":47,"date":"2023-08-06T10:32:23","date_gmt":"2023-08-06T10:32:23","guid":{"rendered":"http:\/\/chrissmart.de\/?page_id=47"},"modified":"2025-11-04T17:40:04","modified_gmt":"2025-11-04T17:40:04","slug":"impressum","status":"publish","type":"page","link":"https:\/\/chrissmart.de\/es\/imprimir\/","title":{"rendered":"imprimir"},"content":{"rendered":"<div class=\"impressum__imprint-container\"><dl><dt>Nombre<\/dt><dd>Chris Smart<\/dd><dt>Direcci\u00f3n<\/dt><dd>Franz-Marc-Strasse 3<br \/>\r\n22115 Hamburgo<\/dd><dt>Direcci\u00f3n de correo electr\u00f3nico<\/dt><dd><a href=\"mailto:info@chrissmart.de\">info@chrissmart.de<\/a><\/dd><dt>Tel\u00e9fono<\/dt><dd>0049(null)1703178095<\/dd><dt>Responsable del contenido<\/dt><dd>Chris Smart<br \/>\r\nFranz-Marc-Strasse 3<br \/>\r\n22115 Hamburgo<\/dd><\/dl><\/div>\n\n\n<p><strong>Descargo de responsabilidad \/ DISCLAIMER<\/strong><\/p>\n\n\n\n<p><strong>1. advertencia sobre el contenido<\/strong><\/p>\n\n\n\n<p>El contenido gratuito y de libre acceso de este sitio web ha sido creado con el mayor cuidado posible. No obstante, el proveedor de este sitio web no se hace responsable de la exactitud y actualidad de las gu\u00edas y noticias period\u00edsticas gratuitas y de libre acceso proporcionadas. El uso del contenido de este sitio web se realiza por cuenta y riesgo del usuario. No se establece ninguna relaci\u00f3n contractual entre el usuario y el proveedor por el mero hecho de acceder a este contenido gratuito y de libre acceso; en este sentido, falta la intenci\u00f3n del proveedor de obligarse jur\u00eddicamente.<\/p>\n\n\n\n<p><strong>2. enlaces<\/strong><\/p>\n\n\n\n<p>El sitio web contiene enlaces a otros sitios web (\u201eenlaces externos\u201c). Estos sitios web est\u00e1n sujetos a la responsabilidad de sus respectivos operadores. En el momento de la creaci\u00f3n de los enlaces externos no se apreciaron infracciones legales. El proveedor no tiene ninguna influencia sobre el dise\u00f1o actual y futuro de las p\u00e1ginas enlazadas. No es razonable esperar que el proveedor compruebe permanentemente los enlaces externos sin pruebas concretas de infracciones legales. En caso de que el proveedor tenga conocimiento de infracciones legales, los enlaces externos en cuesti\u00f3n ser\u00e1n eliminados inmediatamente.<\/p>\n\n\n\n<p><strong>3. derechos de autor \/ derechos accesorios<\/strong><\/p>\n\n\n\n<p>Los contenidos publicados en este sitio web por el proveedor est\u00e1n sujetos a la legislaci\u00f3n alemana sobre derechos de autor y derechos afines. Toda utilizaci\u00f3n no permitida por la legislaci\u00f3n alemana sobre derechos de autor y derechos afines requiere el consentimiento previo por escrito del proveedor o del respectivo titular de los derechos. Esto se aplica en particular a la duplicaci\u00f3n, edici\u00f3n, traducci\u00f3n, almacenamiento, procesamiento o reproducci\u00f3n de contenidos en bases de datos u otros medios y sistemas electr\u00f3nicos. Los contenidos y derechos de terceros est\u00e1n etiquetados como tales. La copia no autorizada del contenido del sitio web o de todo el sitio web no est\u00e1 permitida y est\u00e1 penada por la ley. S\u00f3lo se permite la producci\u00f3n de copias y descargas para uso personal, privado y no comercial.<\/p>\n\n\n\n<p>Este sitio web no puede ser mostrado por terceros en marcos o iFrames sin autorizaci\u00f3n escrita.<\/p>\n\n\n\n<p><strong>4. sin publicidad<\/strong><\/p>\n\n\n\n<p>No se desea expresamente el uso de los datos de contacto del aviso legal para publicidad comercial, a menos que el proveedor haya dado su consentimiento previo por escrito o que ya exista una relaci\u00f3n comercial. El proveedor y todas las personas mencionadas en este sitio web se oponen por la presente a cualquier uso comercial y divulgaci\u00f3n de sus datos.<\/p>\n\n\n\n<p><strong>5. condiciones especiales de uso<\/strong><\/p>\n\n\n\n<p>En la medida en que las condiciones especiales para usos individuales de este sitio web se desv\u00eden de los n\u00fameros 1 a 4 antes mencionados, esto se indicar\u00e1 expresamente en el punto correspondiente. En tal caso, las condiciones especiales se aplicar\u00e1n en cada caso concreto.<\/p>\n\n\n\n<p>Fuente: <a href=\"https:\/\/www.fachanwalt.de\" rel=\"nofollow noopener\" target=\"_blank\">Ver el original<\/a><\/p>","protected":false},"excerpt":{"rendered":"<p>Haftungsausschluss \/ DISCLAIMER 1. Warnhinweis zu Inhalten Die kostenlosen und frei zug\u00e4nglichen Inhalte dieser Webseite wurden mit gr\u00f6\u00dftm\u00f6glicher Sorgfalt erstellt. Der Anbieter dieser Webseite \u00fcbernimmt jedoch keine Gew\u00e4hr f\u00fcr die Richtigkeit und Aktualit\u00e4t der bereitgestellten kostenlosen und frei zug\u00e4nglichen journalistischen Ratgeber und Nachrichten. Die Nutzung dieser Webseiteninhalte erfolgt auf eigene Gefahr. Allein durch den Aufruf [&hellip;]<\/p>\n","protected":false},"author":1,"featured_media":0,"parent":0,"menu_order":0,"comment_status":"closed","ping_status":"closed","template":"","meta":{"_acf_changed":false,"googlesitekit_rrm_CAowl7q2DA:productID":"","footnotes":""},"class_list":["post-47","page","type-page","status-publish","hentry"],"acf":[],"blog_post_layout_featured_media_urls":{"thumbnail":"","full":""},"categories_names":null,"comments_number":"0","wpmagazine_modules_lite_featured_media_urls":{"thumbnail":"","cvmm-medium":"","cvmm-medium-plus":"","cvmm-portrait":"","cvmm-medium-square":"","cvmm-large":"","cvmm-small":"","full":""},"jetpack_sharing_enabled":true,"_links":{"self":[{"href":"https:\/\/chrissmart.de\/es\/wp-json\/wp\/v2\/pages\/47","targetHints":{"allow":["GET"]}}],"collection":[{"href":"https:\/\/chrissmart.de\/es\/wp-json\/wp\/v2\/pages"}],"about":[{"href":"https:\/\/chrissmart.de\/es\/wp-json\/wp\/v2\/types\/page"}],"author":[{"embeddable":true,"href":"https:\/\/chrissmart.de\/es\/wp-json\/wp\/v2\/users\/1"}],"replies":[{"embeddable":true,"href":"https:\/\/chrissmart.de\/es\/wp-json\/wp\/v2\/comments?post=47"}],"version-history":[{"count":0,"href":"https:\/\/chrissmart.de\/es\/wp-json\/wp\/v2\/pages\/47\/revisions"}],"wp:attachment":[{"href":"https:\/\/chrissmart.de\/es\/wp-json\/wp\/v2\/media?parent=47"}],"curies":[{"name":"wp","href":"https:\/\/api.w.org\/{rel}","templated":true}]}}