{"id":56,"date":"2023-08-06T10:52:17","date_gmt":"2023-08-06T10:52:17","guid":{"rendered":"http:\/\/chrissmart.de\/?page_id=56"},"modified":"2025-01-31T13:40:03","modified_gmt":"2025-01-31T13:40:03","slug":"datenschutzerklaerung","status":"publish","type":"page","link":"https:\/\/chrissmart.de\/es\/declaracion-de-proteccion-de-datos\/","title":{"rendered":"pol\u00edtica de privacidad"},"content":{"rendered":"<h2 class=\"wp-block-heading\">Quienes somos<\/h2>\n\n\n\n<p>La direcci\u00f3n de nuestro sitio web es: http:\/\/chrissmart.de.<\/p>\n\n\n\n<h2 class=\"wp-block-heading\">Comentarios<\/h2>\n\n\n\n<p>Cuando los visitantes escriben comentarios en el sitio web, recopilamos los datos que se muestran en el formulario de comentarios, as\u00ed como la direcci\u00f3n IP del visitante y la cadena del agente de usuario (que identifica el navegador) para ayudar a la detecci\u00f3n de spam.<\/p>\n\n\n\n<p>Se puede crear una cadena an\u00f3nima (tambi\u00e9n llamada hash) a partir de tu direcci\u00f3n de correo electr\u00f3nico y enviarla al servicio Gravatar para comprobar si la est\u00e1s usando. Puedes consultar la pol\u00edtica de privacidad del servicio Gravatar aqu\u00ed: https:\/\/automattic.com\/privacy\/. Una vez aprobado tu comentario, tu foto de perfil ser\u00e1 visible p\u00fablicamente en el contexto del mismo.<\/p>\n\n\n\n<h2 class=\"wp-block-heading\">medios de comunicaci\u00f3n<\/h2>\n\n\n\n<p>Si es un usuario registrado y sube fotos a este sitio web, le recomendamos evitar subir fotos con datos de ubicaci\u00f3n GPS EXIF incrustados. Los visitantes de este sitio web podr\u00edan descargar las fotos almacenadas aqu\u00ed y extraer su informaci\u00f3n de ubicaci\u00f3n.<\/p>\n\n\n\n<h2 class=\"wp-block-heading\">Galletas<\/h2>\n\n\n\n<p>Al dejar un comentario en nuestro sitio web, puedes optar por guardar tu nombre, direcci\u00f3n de correo electr\u00f3nico y sitio web en cookies. Esta funci\u00f3n es pr\u00e1ctica para que no tengas que volver a introducir toda esta informaci\u00f3n al dejar otro comentario. Estas cookies duran un a\u00f1o.<\/p>\n\n\n\n<p>Si tiene una cuenta e inicia sesi\u00f3n en este sitio web, instalaremos una cookie temporal para determinar si su navegador acepta cookies. Esta cookie no contiene datos personales y se elimina al cerrar el navegador.<\/p>\n\n\n\n<p>Al iniciar sesi\u00f3n, instalaremos varias cookies para guardar tu informaci\u00f3n de inicio de sesi\u00f3n y tus preferencias de visualizaci\u00f3n. Las cookies de inicio de sesi\u00f3n caducan a los dos d\u00edas y las de opciones de visualizaci\u00f3n caducan al a\u00f1o. Si seleccionas &quot;Recordarme&quot; al iniciar sesi\u00f3n, tu informaci\u00f3n de inicio de sesi\u00f3n se conservar\u00e1 durante dos semanas. Al cerrar sesi\u00f3n, se eliminar\u00e1n las cookies de inicio de sesi\u00f3n.<\/p>\n\n\n\n<p>Al editar o publicar un art\u00edculo, se almacena una cookie adicional en tu navegador. Esta cookie no contiene datos personales y solo referencia el ID de la publicaci\u00f3n del art\u00edculo que acabas de editar. Caduca al cabo de un d\u00eda.<\/p>\n\n\n\n<h2 class=\"wp-block-heading\">Contenido incrustado de otros sitios web<\/h2>\n\n\n\n<p>Los art\u00edculos de este sitio web pueden incluir contenido incrustado (por ejemplo, v\u00eddeos, im\u00e1genes, art\u00edculos, etc.). El contenido incrustado de otros sitios web se comporta exactamente igual que si el visitante hubiera visitado el otro sitio web.<\/p>\n\n\n\n<p>Estos sitios web pueden recopilar datos sobre usted, utilizar cookies, incrustar servicios de seguimiento adicionales de terceros y registrar su interacci\u00f3n con este contenido incrustado, incluida su interacci\u00f3n con el contenido incrustado si tiene una cuenta y est\u00e1 conectado a ese sitio web.<\/p>\n\n\n\n<h2 class=\"wp-block-heading\">Con qui\u00e9n compartimos tus datos<\/h2>\n\n\n\n<p>Si solicita un restablecimiento de contrase\u00f1a, su direcci\u00f3n IP se incluir\u00e1 en el correo electr\u00f3nico de restablecimiento.<\/p>\n\n\n\n<h2 class=\"wp-block-heading\">Cu\u00e1nto tiempo almacenamos sus datos<\/h2>\n\n\n\n<p>Al escribir un comentario, este, junto con sus metadatos, se almacena indefinidamente. Esto nos permite reconocer y aprobar autom\u00e1ticamente los comentarios posteriores en lugar de mantenerlos en una cola de moderaci\u00f3n.<\/p>\n\n\n\n<p>De los usuarios que se registran en nuestro sitio web, tambi\u00e9n almacenamos la informaci\u00f3n personal que proporcionan en sus perfiles. Todos los usuarios pueden ver, modificar o eliminar su informaci\u00f3n personal en cualquier momento (el nombre de usuario no se puede cambiar). Los administradores del sitio web tambi\u00e9n pueden ver y modificar esta informaci\u00f3n.<\/p>\n\n\n\n<h2 class=\"wp-block-heading\">Qu\u00e9 derechos tienes sobre tus datos<\/h2>\n\n\n\n<p>Si tiene una cuenta en este sitio web o ha dejado comentarios, puede solicitarnos la exportaci\u00f3n de sus datos personales, incluyendo todos los datos que nos ha proporcionado. Tambi\u00e9n puede solicitar la eliminaci\u00f3n de todos los datos personales que tenemos sobre usted. Esto no incluye los datos que estamos obligados a conservar con fines administrativos, legales o de seguridad.<\/p>\n\n\n\n<h2 class=\"wp-block-heading\">D\u00f3nde se env\u00edan sus datos<\/h2>\n\n\n\n<p>Los comentarios de los visitantes pueden ser revisados por un servicio de detecci\u00f3n autom\u00e1tica de spam.<\/p>\n\n\n\n<h2 class=\"wp-block-heading\">Directorios RSS<\/h2>\n\n\n\n<p>Este sitio web participa en el ranking de blogs de <a href=\"http:\/\/topblogs.de\/\" target=\"_blank\" rel=\"noreferrer noopener nofollow\">topblogs.de<\/a> parte y, para este prop\u00f3sito, rastrea las visitas a la p\u00e1gina. <br><br>Topblogs.de utiliza su c\u00f3digo de seguimiento para recopilar la direcci\u00f3n IP, la versi\u00f3n del navegador y el sistema operativo de todos los visitantes de este sitio web. <br><br>Estos datos se utilizan exclusivamente para determinar el n\u00famero de visitantes de la p\u00e1gina y crear una clasificaci\u00f3n de todos los participantes en TopBlogs.de. Los datos recopilados para este fin se almacenan hasta que se cumpla dicho objetivo (determinar el n\u00famero de visitantes de la p\u00e1gina) y se eliminan con el siguiente reinicio de TopBlogs (que se realiza semanalmente).<\/p>","protected":false},"excerpt":{"rendered":"<p>Wer wir sind Die Adresse unserer Website ist: http:\/\/chrissmart.de. Kommentare Wenn Besucher Kommentare auf der Website schreiben, sammeln wir die Daten, die im Kommentar-Formular angezeigt werden, au\u00dferdem die IP-Adresse des Besuchers und den User-Agent-String (damit wird der Browser identifiziert), um die Erkennung von Spam zu unterst\u00fctzen. Aus deiner E-Mail-Adresse kann eine anonymisierte Zeichenfolge erstellt (auch [&hellip;]<\/p>\n","protected":false},"author":1,"featured_media":0,"parent":0,"menu_order":0,"comment_status":"closed","ping_status":"closed","template":"","meta":{"_acf_changed":false,"googlesitekit_rrm_CAowl7q2DA:productID":"","footnotes":""},"class_list":["post-56","page","type-page","status-publish","hentry"],"acf":[],"blog_post_layout_featured_media_urls":{"thumbnail":"","full":""},"categories_names":null,"comments_number":"0","wpmagazine_modules_lite_featured_media_urls":{"thumbnail":"","cvmm-medium":"","cvmm-medium-plus":"","cvmm-portrait":"","cvmm-medium-square":"","cvmm-large":"","cvmm-small":"","full":""},"jetpack_sharing_enabled":true,"_links":{"self":[{"href":"https:\/\/chrissmart.de\/es\/wp-json\/wp\/v2\/pages\/56","targetHints":{"allow":["GET"]}}],"collection":[{"href":"https:\/\/chrissmart.de\/es\/wp-json\/wp\/v2\/pages"}],"about":[{"href":"https:\/\/chrissmart.de\/es\/wp-json\/wp\/v2\/types\/page"}],"author":[{"embeddable":true,"href":"https:\/\/chrissmart.de\/es\/wp-json\/wp\/v2\/users\/1"}],"replies":[{"embeddable":true,"href":"https:\/\/chrissmart.de\/es\/wp-json\/wp\/v2\/comments?post=56"}],"version-history":[{"count":0,"href":"https:\/\/chrissmart.de\/es\/wp-json\/wp\/v2\/pages\/56\/revisions"}],"wp:attachment":[{"href":"https:\/\/chrissmart.de\/es\/wp-json\/wp\/v2\/media?parent=56"}],"curies":[{"name":"wp","href":"https:\/\/api.w.org\/{rel}","templated":true}]}}