{"id":1079,"date":"2025-01-07T10:24:36","date_gmt":"2025-01-07T10:24:36","guid":{"rendered":"https:\/\/chrissmart.de\/?page_id=1079"},"modified":"2026-02-22T14:48:19","modified_gmt":"2026-02-22T14:48:19","slug":"smart-news","status":"publish","type":"page","link":"https:\/\/chrissmart.de\/fr\/","title":{"rendered":"Actualit\u00e9s Smart \u2013 Les derni\u00e8res tendances et \u00e9volutions de la maison connect\u00e9e"},"content":{"rendered":"<p>Bienvenue dans notre rubrique Actualit\u00e9s Smart\u00a0! Vous y trouverez les derni\u00e8res informations, les tendances les plus int\u00e9ressantes et les innovations les plus r\u00e9centes du monde de la domotique. Syst\u00e8mes de s\u00e9curit\u00e9 intelligents, nouveaux capteurs, solutions \u00e9nerg\u00e9tiques intelligentes ou avanc\u00e9es en intelligence artificielle\u00a0: nous vous tiendrons au courant.<br>Plongez dans le futur de la vie connect\u00e9e et d\u00e9couvrez comment la technologie moderne rend votre maison encore plus confortable, plus s\u00fbre et plus efficace.<\/p>\n\n\n\n<div style=\"height:30px\" aria-hidden=\"true\" class=\"wp-block-spacer\"><\/div>\n\n\n                <div id=\"wpmagazine-modules-lite-post-grid-block-6692bc48-2837-4803-884a-f2100b5b8e74\" class=\"wpmagazine-modules-lite-post-grid-block alignwide block-6692bc48-2837-4803-884a-f2100b5b8e74 cvmm-block cvmm-block-post-grid--layout-one\">\r\n                        <div class=\"cvmm-post-wrapper cvmm-post--imagemargin column--two\">\r\n                        <article post-id=\"post-4404\" class=\"cvmm-post post-format--standard\" itemscope itemtype=\"http:\/\/schema.org\/articleBody\">\r\n                                                <div class=\"cvmm-post-thumb\">\r\n                                <a href=\"https:\/\/chrissmart.de\/fr\/mise-a-jour-navimow-i2-lidar-pro-v4-1-0\/\" target=\"_blank\"><img decoding=\"async\" src=\"https:\/\/chrissmart.de\/wp-content\/uploads\/2026\/05\/Navimow-i2-LiDAR-Pro-erhaelt-grosses-V4.1.0-Update-mit-Home-Assistant-Auto-Mapping-und-Apple-\u201eWo-ist-1.png\" alt=\"Mise \u00e0 jour Navimow i2 LiDAR Pro V4.1.0 avec Home Assistant, cartographie automatique et Apple \u201e O\u00f9 est ? \u201c\"\/><\/a>\r\n                                <span class=\"cvmm-post-cats-wrap cvmm-post-meta-item\"><span class=\"cvmm-post-cat cvmm-cat-37\"><a href=\"https:\/\/chrissmart.de\/fr\/category\/navimow\/\" target=\"_blank\">Navimow<\/a><\/span><\/span>                            <\/div>\r\n                                                <h2 class=\"cvmm-post-title\">\r\n                                <a href=\"https:\/\/chrissmart.de\/fr\/mise-a-jour-navimow-i2-lidar-pro-v4-1-0\/\" target=\"_blank\">\r\n                                    Mise \u00e0 jour Navimow i2 LiDAR Pro V4.1.0 avec Home Assistant, cartographie automatique et Apple \u201e O\u00f9 est ? \u201c                                <\/a>\r\n                            <\/h2>\r\n                    \r\n                    <div class=\"cvmm-post-meta cvmm-meta-icon-show\">\r\n                        <span class=\"cvmm-post-date cvmm-post-meta-item\" itemprop=\"datePublished\"><a href=\"https:\/\/chrissmart.de\/fr\/mise-a-jour-navimow-i2-lidar-pro-v4-1-0\/\" target=\"_blank\">10 mai 2026<\/a><\/span><span class=\"cvmm-post-author-name cvmm-post-meta-item\" itemprop=\"author\"><a href=\"https:\/\/chrissmart.de\/fr\/author\/admin\/\" target=\"_blank\">Chris<\/a><\/span>                    <\/div>\r\n                    <div class=\"cvmm-post-content\" itemprop=\"description\">Avec la nouvelle version du firmware et de l&#039;application V4.1.0, Segway \u00e9tend les fonctionnalit\u00e9s du LiDAR Navimow i2\u2026<\/div><div class=\"cvmm-read-more\"><a href=\"https:\/\/chrissmart.de\/fr\/mise-a-jour-navimow-i2-lidar-pro-v4-1-0\/\" target=\"_blank\">Lire l&#039;article<i class=\"fas fa-arrow-right\"><\/i><\/a><\/div>                <\/article>\r\n                        <article post-id=\"post-4384\" class=\"cvmm-post post-format--standard\" itemscope itemtype=\"http:\/\/schema.org\/articleBody\">\r\n                                                <div class=\"cvmm-post-thumb\">\r\n                                <a href=\"https:\/\/chrissmart.de\/fr\/micrologiciel-du-capteur-de-fuite-deau-ikea-klippbok-1-0-13\/\" target=\"_blank\"><img decoding=\"async\" src=\"https:\/\/chrissmart.de\/wp-content\/uploads\/2026\/05\/IKEA-KLIPPBOK-Wasserlecksensor-Firmware-Update-1.0.13-soll-Verbindungsprobleme-verbessern.png\" alt=\"La mise \u00e0 jour du firmware 1.0.13 du KLIPBPOK d&#039;IKEA vise \u00e0 am\u00e9liorer les probl\u00e8mes de connexion.\"\/><\/a>\r\n                                <span class=\"cvmm-post-cats-wrap cvmm-post-meta-item\"><span class=\"cvmm-post-cat cvmm-cat-440\"><a href=\"https:\/\/chrissmart.de\/fr\/category\/systemes-de-maison-intelligente-ikea\/\" target=\"_blank\">IKEA<\/a><\/span><span class=\"cvmm-post-cat cvmm-cat-441\"><a href=\"https:\/\/chrissmart.de\/fr\/category\/ha\/\" target=\"_blank\">Assistant \u00e0 domicile<\/a><\/span><\/span>                            <\/div>\r\n                                                <h2 class=\"cvmm-post-title\">\r\n                                <a href=\"https:\/\/chrissmart.de\/fr\/micrologiciel-du-capteur-de-fuite-deau-ikea-klippbok-1-0-13\/\" target=\"_blank\">\r\n                                    La mise \u00e0 jour du firmware 1.0.13 du KLIPBPOK d&#039;IKEA vise \u00e0 am\u00e9liorer les probl\u00e8mes de connexion.                                <\/a>\r\n                            <\/h2>\r\n                    \r\n                    <div class=\"cvmm-post-meta cvmm-meta-icon-show\">\r\n                        <span class=\"cvmm-post-date cvmm-post-meta-item\" itemprop=\"datePublished\"><a href=\"https:\/\/chrissmart.de\/fr\/micrologiciel-du-capteur-de-fuite-deau-ikea-klippbok-1-0-13\/\" target=\"_blank\">10 mai 2026<\/a><\/span><span class=\"cvmm-post-author-name cvmm-post-meta-item\" itemprop=\"author\"><a href=\"https:\/\/chrissmart.de\/fr\/author\/admin\/\" target=\"_blank\">Chris<\/a><\/span>                    <\/div>\r\n                    <div class=\"cvmm-post-content\" itemprop=\"description\">Une nouvelle mise \u00e0 jour du micrologiciel est disponible pour le d\u00e9tecteur de fuites d&#039;eau IKEA KLIPBPOK. La nouvelle version est la 1.0.13\u2026<\/div><div class=\"cvmm-read-more\"><a href=\"https:\/\/chrissmart.de\/fr\/micrologiciel-du-capteur-de-fuite-deau-ikea-klippbok-1-0-13\/\" target=\"_blank\">Lire l&#039;article<i class=\"fas fa-arrow-right\"><\/i><\/a><\/div>                <\/article>\r\n                        <article post-id=\"post-4352\" class=\"cvmm-post post-format--standard\" itemscope itemtype=\"http:\/\/schema.org\/articleBody\">\r\n                                                <div class=\"cvmm-post-thumb\">\r\n                                <a href=\"https:\/\/chrissmart.de\/fr\/navimow-i105e-vs-i205-awd-comparatif-des-principales-differences\/\" target=\"_blank\"><img decoding=\"async\" src=\"https:\/\/chrissmart.de\/wp-content\/uploads\/2026\/05\/Navimow-i105E-vs.-i205-AWD-Die-wichtigsten-Unterschiede-im-Vergleich.png\" alt=\"Navimow i105E vs. i205 AWD\u00a0: Comparaison des principales diff\u00e9rences\"\/><\/a>\r\n                                <span class=\"cvmm-post-cats-wrap cvmm-post-meta-item\"><span class=\"cvmm-post-cat cvmm-cat-37\"><a href=\"https:\/\/chrissmart.de\/fr\/category\/navimow\/\" target=\"_blank\">Navimow<\/a><\/span><\/span>                            <\/div>\r\n                                                <h2 class=\"cvmm-post-title\">\r\n                                <a href=\"https:\/\/chrissmart.de\/fr\/navimow-i105e-vs-i205-awd-comparatif-des-principales-differences\/\" target=\"_blank\">\r\n                                    Navimow i105E vs. i205 AWD\u00a0: Comparaison des principales diff\u00e9rences                                <\/a>\r\n                            <\/h2>\r\n                    \r\n                    <div class=\"cvmm-post-meta cvmm-meta-icon-show\">\r\n                        <span class=\"cvmm-post-date cvmm-post-meta-item\" itemprop=\"datePublished\"><a href=\"https:\/\/chrissmart.de\/fr\/navimow-i105e-vs-i205-awd-comparatif-des-principales-differences\/\" target=\"_blank\">8 mai 2026<\/a><\/span><span class=\"cvmm-post-author-name cvmm-post-meta-item\" itemprop=\"author\"><a href=\"https:\/\/chrissmart.de\/fr\/author\/admin\/\" target=\"_blank\">Chris<\/a><\/span>                    <\/div>\r\n                    <div class=\"cvmm-post-content\" itemprop=\"description\">Avec le Navimow i105E, Segway a lanc\u00e9 en 2024 l&#039;une des tondeuses robotis\u00e9es d&#039;entr\u00e9e de gamme les plus int\u00e9ressantes, sans fil p\u00e9riph\u00e9rique\u2026<\/div><div class=\"cvmm-read-more\"><a href=\"https:\/\/chrissmart.de\/fr\/navimow-i105e-vs-i205-awd-comparatif-des-principales-differences\/\" target=\"_blank\">Lire l&#039;article<i class=\"fas fa-arrow-right\"><\/i><\/a><\/div>                <\/article>\r\n                        <article post-id=\"post-4348\" class=\"cvmm-post post-format--standard\" itemscope itemtype=\"http:\/\/schema.org\/articleBody\">\r\n                                                <div class=\"cvmm-post-thumb\">\r\n                                <a href=\"https:\/\/chrissmart.de\/fr\/integration-de-smartthings-et-home-assistant\/\" target=\"_blank\"><img decoding=\"async\" src=\"https:\/\/chrissmart.de\/wp-content\/uploads\/2026\/05\/GmWITlkWwAAX8F4.jpg\" alt=\"SmartThings et Home Assistant\u00a0: l\u2019int\u00e9gration officielle apporte de nouveaux avantages\"\/><\/a>\r\n                                <span class=\"cvmm-post-cats-wrap cvmm-post-meta-item\"><span class=\"cvmm-post-cat cvmm-cat-441\"><a href=\"https:\/\/chrissmart.de\/fr\/category\/ha\/\" target=\"_blank\">Assistant \u00e0 domicile<\/a><\/span><\/span>                            <\/div>\r\n                                                <h2 class=\"cvmm-post-title\">\r\n                                <a href=\"https:\/\/chrissmart.de\/fr\/integration-de-smartthings-et-home-assistant\/\" target=\"_blank\">\r\n                                    SmartThings et Home Assistant\u00a0: l\u2019int\u00e9gration officielle apporte de nouveaux avantages                                <\/a>\r\n                            <\/h2>\r\n                    \r\n                    <div class=\"cvmm-post-meta cvmm-meta-icon-show\">\r\n                        <span class=\"cvmm-post-date cvmm-post-meta-item\" itemprop=\"datePublished\"><a href=\"https:\/\/chrissmart.de\/fr\/integration-de-smartthings-et-home-assistant\/\" target=\"_blank\">7 mai 2026<\/a><\/span><span class=\"cvmm-post-author-name cvmm-post-meta-item\" itemprop=\"author\"><a href=\"https:\/\/chrissmart.de\/fr\/author\/admin\/\" target=\"_blank\">Chris<\/a><\/span>                    <\/div>\r\n                    <div class=\"cvmm-post-content\" itemprop=\"description\">Samsung SmartThings et Home Assistant fonctionnent d\u00e9sormais officiellement ensemble. Cette nouvelle int\u00e9gration am\u00e9liore non seulement\u2026<\/div><div class=\"cvmm-read-more\"><a href=\"https:\/\/chrissmart.de\/fr\/integration-de-smartthings-et-home-assistant\/\" target=\"_blank\">Lire l&#039;article<i class=\"fas fa-arrow-right\"><\/i><\/a><\/div>                <\/article>\r\n                        <article post-id=\"post-4314\" class=\"cvmm-post post-format--standard\" itemscope itemtype=\"http:\/\/schema.org\/articleBody\">\r\n                                                <div class=\"cvmm-post-thumb\">\r\n                                <a href=\"https:\/\/chrissmart.de\/fr\/home-assistant-2026-5-beta-disponible-integration-du-materiel-plus-ancien\/\" target=\"_blank\"><img decoding=\"async\" src=\"https:\/\/chrissmart.de\/wp-content\/uploads\/2026\/05\/Home-Assistant-2026.5.png\" alt=\"Home Assistant 2026.5 d\u00e9voil\u00e9\u00a0: plus d\u2019options pour le mat\u00e9riel plus ancien, des tableaux de bord plus modernes et des automatisations plus intelligentes.\"\/><\/a>\r\n                                <span class=\"cvmm-post-cats-wrap cvmm-post-meta-item\"><span class=\"cvmm-post-cat cvmm-cat-441\"><a href=\"https:\/\/chrissmart.de\/fr\/category\/ha\/\" target=\"_blank\">Assistant \u00e0 domicile<\/a><\/span><\/span>                            <\/div>\r\n                                                <h2 class=\"cvmm-post-title\">\r\n                                <a href=\"https:\/\/chrissmart.de\/fr\/home-assistant-2026-5-beta-disponible-integration-du-materiel-plus-ancien\/\" target=\"_blank\">\r\n                                    Home Assistant 2026.5 d\u00e9voil\u00e9\u00a0: plus d\u2019options pour le mat\u00e9riel plus ancien, des tableaux de bord plus modernes et des automatisations plus intelligentes.                                <\/a>\r\n                            <\/h2>\r\n                    \r\n                    <div class=\"cvmm-post-meta cvmm-meta-icon-show\">\r\n                        <span class=\"cvmm-post-date cvmm-post-meta-item\" itemprop=\"datePublished\"><a href=\"https:\/\/chrissmart.de\/fr\/home-assistant-2026-5-beta-disponible-integration-du-materiel-plus-ancien\/\" target=\"_blank\">6 mai 2026<\/a><\/span><span class=\"cvmm-post-author-name cvmm-post-meta-item\" itemprop=\"author\"><a href=\"https:\/\/chrissmart.de\/fr\/author\/admin\/\" target=\"_blank\">Chris<\/a><\/span>                    <\/div>\r\n                    <div class=\"cvmm-post-content\" itemprop=\"description\">Avec Home Assistant 2026.5, la Fondation Open Home publie l&#039;une des mises \u00e0 jour les plus compl\u00e8tes de\u2026<\/div><div class=\"cvmm-read-more\"><a href=\"https:\/\/chrissmart.de\/fr\/home-assistant-2026-5-beta-disponible-integration-du-materiel-plus-ancien\/\" target=\"_blank\">Lire l&#039;article<i class=\"fas fa-arrow-right\"><\/i><\/a><\/div>                <\/article>\r\n                        <article post-id=\"post-4292\" class=\"cvmm-post post-format--standard\" itemscope itemtype=\"http:\/\/schema.org\/articleBody\">\r\n                                                <div class=\"cvmm-post-thumb\">\r\n                                <a href=\"https:\/\/chrissmart.de\/fr\/le-capteur-multifonction-aqara-p100-est-maintenant-disponible\/\" target=\"_blank\"><img decoding=\"async\" src=\"https:\/\/chrissmart.de\/wp-content\/uploads\/2026\/05\/p100-2.png\" alt=\"Le capteur multifonctionnel Aqara P100 pour la surveillance des portes, fen\u00eatres et objets est d\u00e9sormais disponible.\"\/><\/a>\r\n                                <span class=\"cvmm-post-cats-wrap cvmm-post-meta-item\"><span class=\"cvmm-post-cat cvmm-cat-36\"><a href=\"https:\/\/chrissmart.de\/fr\/category\/aqara\/\" target=\"_blank\">Aqara<\/a><\/span><\/span>                            <\/div>\r\n                                                <h2 class=\"cvmm-post-title\">\r\n                                <a href=\"https:\/\/chrissmart.de\/fr\/le-capteur-multifonction-aqara-p100-est-maintenant-disponible\/\" target=\"_blank\">\r\n                                    Le capteur multifonctionnel Aqara P100 pour la surveillance des portes, fen\u00eatres et objets est d\u00e9sormais disponible.                                <\/a>\r\n                            <\/h2>\r\n                    \r\n                    <div class=\"cvmm-post-meta cvmm-meta-icon-show\">\r\n                        <span class=\"cvmm-post-date cvmm-post-meta-item\" itemprop=\"datePublished\"><a href=\"https:\/\/chrissmart.de\/fr\/le-capteur-multifonction-aqara-p100-est-maintenant-disponible\/\" target=\"_blank\">5 mai 2026<\/a><\/span><span class=\"cvmm-post-author-name cvmm-post-meta-item\" itemprop=\"author\"><a href=\"https:\/\/chrissmart.de\/fr\/author\/admin\/\" target=\"_blank\">Chris<\/a><\/span>                    <\/div>\r\n                    <div class=\"cvmm-post-content\" itemprop=\"description\">Avec le capteur multifonction Aqara P100, Aqara lance un nouveau capteur polyvalent qui\u2026<\/div><div class=\"cvmm-read-more\"><a href=\"https:\/\/chrissmart.de\/fr\/le-capteur-multifonction-aqara-p100-est-maintenant-disponible\/\" target=\"_blank\">Lire l&#039;article<i class=\"fas fa-arrow-right\"><\/i><\/a><\/div>                <\/article>\r\n            <\/div>                <\/div><!-- #wpmagazine-modules-post-grid-block -->","protected":false},"excerpt":{"rendered":"<p>Willkommen in unserer Smart News! Hier findest du aktuelle Informationen, spannende Trends und frische Innovationen aus der Welt der Smart Home Technologie. Ob intelligente Sicherheitssysteme, neue Sensoren, smarte Energie-L\u00f6sungen oder Fortschritte in KI \u2013 wir halten dich immer auf dem Laufenden.Tauche ein in die Zukunft des vernetzten Wohnens und entdecke, wie moderne Technik dein Zuhause [&hellip;]<\/p>\n","protected":false},"author":1,"featured_media":0,"parent":0,"menu_order":0,"comment_status":"closed","ping_status":"closed","template":"","meta":{"_acf_changed":false,"googlesitekit_rrm_CAowl7q2DA:productID":"","footnotes":""},"class_list":["post-1079","page","type-page","status-publish","hentry"],"acf":[],"blog_post_layout_featured_media_urls":{"thumbnail":"","full":""},"categories_names":null,"comments_number":"0","wpmagazine_modules_lite_featured_media_urls":{"thumbnail":"","cvmm-medium":"","cvmm-medium-plus":"","cvmm-portrait":"","cvmm-medium-square":"","cvmm-large":"","cvmm-small":"","full":""},"jetpack_sharing_enabled":true,"_links":{"self":[{"href":"https:\/\/chrissmart.de\/fr\/wp-json\/wp\/v2\/pages\/1079","targetHints":{"allow":["GET"]}}],"collection":[{"href":"https:\/\/chrissmart.de\/fr\/wp-json\/wp\/v2\/pages"}],"about":[{"href":"https:\/\/chrissmart.de\/fr\/wp-json\/wp\/v2\/types\/page"}],"author":[{"embeddable":true,"href":"https:\/\/chrissmart.de\/fr\/wp-json\/wp\/v2\/users\/1"}],"replies":[{"embeddable":true,"href":"https:\/\/chrissmart.de\/fr\/wp-json\/wp\/v2\/comments?post=1079"}],"version-history":[{"count":0,"href":"https:\/\/chrissmart.de\/fr\/wp-json\/wp\/v2\/pages\/1079\/revisions"}],"wp:attachment":[{"href":"https:\/\/chrissmart.de\/fr\/wp-json\/wp\/v2\/media?parent=1079"}],"curies":[{"name":"wp","href":"https:\/\/api.w.org\/{rel}","templated":true}]}}