{"id":4340,"date":"2026-05-06T17:52:29","date_gmt":"2026-05-06T17:52:29","guid":{"rendered":"https:\/\/chrissmart.de\/allgemeine-geschaeftsbedingungen\/"},"modified":"2026-05-06T17:52:29","modified_gmt":"2026-05-06T17:52:29","slug":"allgemeine-geschaeftsbedingungen","status":"publish","type":"page","link":"https:\/\/chrissmart.de\/fr\/conditions-generales-de-vente\/","title":{"rendered":"Conditions g\u00e9n\u00e9rales de vente"},"content":{"rendered":"<!-- This legal document was generated by Complianz Terms &amp; Conditions https:\/\/wordpress.org\/plugins\/complianz-terms-conditions -->\n<div id=\"cmplz-document\" class=\"cmplz-document cmplz-terms-conditions\"><p><i>Les conditions g\u00e9n\u00e9rales ont \u00e9t\u00e9 mises \u00e0 jour pour la derni\u00e8re fois le 6. mai 2026<\/i><\/p><h2>1. Introduction<\/h2><p>Les pr\u00e9sentes conditions g\u00e9n\u00e9rales s&#039;appliquent au site web et aux autres transactions li\u00e9es \u00e0 nos produits et services. Vous pouvez choisir entre les contrats compl\u00e9mentaires et votre relation avec le produit ou le service que vous recevez de notre part. Si des dispositions de contrats suppl\u00e9mentaires sont en conflit avec des dispositions des pr\u00e9sentes conditions g\u00e9n\u00e9rales, les dispositions de ces contrats suppl\u00e9mentaires pr\u00e9vaudront.<\/p><h2>2. Obligatoire<\/h2><p>En vous incrivant sur ce site, en y acc\u00e9dant ou en l&#039;utilisant de toute autre mani\u00e8re, vous acceptez par les pr\u00e9sents d&#039;\u00eatre li\u00e9s par les conditions g\u00e9n\u00e9rales actuelles ci-dessous. La simple utilisation de ce site web implique la connaissance et l&#039;acceptation des conditions g\u00e9n\u00e9rales. Dans certains cas particuliers, nous pouvons \u00e9galement vous demander de tonner votre accord explicite.<\/p><h2>3. Communication \u00e9lectronique<\/h2><p>En utilisant ce site web ou en communiquant avec nous par des moyens \u00e9lectroniques, vous acceptez et reconnaissez que nous pouvons communiquer avec vous par voie \u00e9lectronique sur notre site web ou en vous envoyant un e-mail, et vous acceptez que tous les accords, notifications, publications et autres communications que nous Votre fourniture par voie \u00e9lectronique r\u00e9pondent \u00e0 toute exigence l\u00e9gale, y compris mais sans s&#039;y limiter, l&#039;exigence que ces communications soient faites par \u00e9crit.<\/p><h2>4. Propri\u00e9t\u00e9 intellectuelle<\/h2><p>Nous ou nos licenci\u00e9s poss\u00e9dons et contr\u00f4lelons tous les droits d&#039;auteur et autres droits de propri\u00e9t\u00e9 intellectuelle sur le site web et les donn\u00e9es, informations et autres ressources affich\u00e9es ou accessibles sur le site web.<\/p><p class=\"cmplz-subtitle\">4.1 Tous droits r\u00e9serv\u00e9s<\/p><p>Si vous disposez d&#039;un contenu sp\u00e9cifique, vous disposez \u00e9galement d&#039;une licence pour le droit de l&#039;utiliser, et cela est conforme \u00e0 la vertu des droits d&#039;auteur, des marques, des brevets ou d&#039;autres droits de propri\u00e9t\u00e9 intellectuelle. Cela signifi de citer).<\/p><h2>5. Lettre d&#039;information<\/h2><p>Nonobstant ce qui pr\u00e9c\u00e8de, vous pouvez transmettre notre lettre d&#039;informations sous forme \u00e9lectronique \u00e0 d&#039;autres personnes qui pourraient \u00eatre int\u00e9ress\u00e9es par la visite de notre site web.<\/p><h2>6. Propri\u00e9t\u00e9 de tierce partie<\/h2><p>Notre site web comprend des hyperliens ou d&#039;autres r\u00e9f\u00e9rences aux sites web de tierces parties. Il n&#039;y a pas d&#039;enqu\u00eates ou d&#039;examens dans le contenu du site web de tierces parties li\u00e9s au site web. Les produits ou services offerts par d&#039;autres sites web sont soumis aux conditions g\u00e9n\u00e9rales applicables de ces niveaux. Les opinions exprim\u00e9es ou les \u00e9l\u00e9ments apparaissant sur ces sites ne sont pas n\u00e9cessairement partag\u00e9s ou approuv\u00e9s par nous.<\/p><p>Nous sommes d\u00e9sormais responsables des pratiques de confidentialit\u00e9 et du contenu de ces sites. Vous assumez qu&#039;il existe des risques li\u00e9s \u00e0 l&#039;utilisation de ces sites Web et de tous les services de tiers. Nous n&#039;acceptons aucune responsabilit\u00e9 pour toute perte ou dommage, quelle qu&#039;en soit la cause, r\u00e9sultant de la divulgation de vos informations personnelles \u00e0 des tiers.<\/p><h2>7. Utilisation responsable<\/h2><p>En visitant notre site web, vous acceptez l&#039;usage unique des fins pr\u00e9vues et autoris\u00e9es par les pr\u00e9sentes conditions g\u00e9n\u00e9rales, par tout contrat suppl\u00e9mentaire conclu avec nous, et par les lois et r\u00e8glements applicables, ainsi que par les pratiques en ligne et les directives industrielles g\u00e9n\u00e9ralement accept\u00e9es. Vous n&#039;\u00eates pas oblig\u00e9 d&#039;utiliser le site Web ou tout autre service pour utiliser, publier ou distribuer quoi que ce soit qui consiste (ou est dans) une logique malveillante\u00a0; Utiliser les donn\u00e9es collect\u00e9es sur notre site Web \u00e0 des fins de marketing direct ou pour collecter des donn\u00e9es syst\u00e9matiques et automatis\u00e9es sur ou en relation avec notre site Web.<\/p><p>Il est strictement interdit de s&#039;engager dans toute activit\u00e9 qui cause, ou pourrait causer, des dommages au site web ou qui interf\u00e8re avec la performance, la disponibilit\u00e9 ou l&#039;accessibilit\u00e9 du site web.<\/p><h2>8. Inscription<\/h2><p>Vous pouvez cr\u00e9er un compte sur notre site web. Au cours de ce processus, il pourra vous \u00eatre demand\u00e9 de choisir un mot de passe. Vous \u00eates responsable de la confidentialit\u00e9 des informations de votre compte et vous acceptez que l&#039;acc\u00e8s \u00e0 ces informations, ainsi que l&#039;utilisation de votre compte, soient s\u00e9curis\u00e9s sur le site web et les services fournis par la m\u00eame personne. Vous n&#039;avez pas besoin d&#039;autoriser une autre personne \u00e0 utiliser votre compte pour acc\u00e9der au site web. Vous n&#039;aurez pas connaissance imm\u00e9diatement de la divulgation de votre mot de passe.<\/p><p>Apr\u00e8s la fermeture du compte, vous n&#039;aurez pas \u00e0 attendre l&#039;ouverture d&#039;un nouveau compte sans aucune autorisation.<\/p><h2>9. Contenu publi\u00e9 par vous<\/h2><p>Plusieurs outils de communication sont disponibles sur notre site Web, notamment des commentaires de blog, des articles de blog, des forums, des tableaux de messages, des \u00e9valuations et des critiques, ainsi que des services de m\u00e9dias sociaux. Cela peut \u00eatre fait sans filtrer ni surveiller les contenus que vous et vos autres personnes pouvez partager ou envoyer \u00e0 notre site Web sur le Web ou par un interm\u00e9diaire. Toutefois, nous nous r\u00e9servons le droit d&#039;examiner le contenu et de surveiller toute utilisation et activit\u00e9 sur notre site web, et de supprimer ou de rejeter tout contenu \u00e0 notre seule discr\u00e9tion. Pour publier des informations ou utiliser l&#039;outil de communication disponible sur le t\u00e9l\u00e9phone mentionn\u00e9, vous acceptez que votre contenu soit conforme aux pr\u00e9sentes conditions g\u00e9n\u00e9rales et vous n&#039;avez pas acc\u00e8s \u00e0 l&#039;atteinte ill\u00e9gale ou illicite aux droits l\u00e9gaux de toute personne.<\/p><h2>10. Soumission d&#039;une id\u00e9e<\/h2><p>N&#039;envoyez \u00e9galement aucune id\u00e9e, invention, \u0153uvre d&#039;auteur ou autre information peut \u00eatre consid\u00e9r\u00e9e comme votre propre propri\u00e9t\u00e9 intellectuelle que vous n&#039;avez pas pr\u00e9sente, de sorte que vous avez pr\u00e9alablement sign\u00e9 un accord concernant la propri\u00e9t\u00e9 intellectuelle ou un accord de non-divulgation. Si vous n&#039;\u00eates pas en l&#039;absence d&#039;un tel accord \u00e9crit, vous ne disposez pas d&#039;une licence mondiale, irr\u00e9vocable, non exclusive et libre de redevance pour utiliser, reproduire, stocker, adapter, publier, traduire et distribuer votre contenu sur tout support existant ou futur.<\/p><h2>11. Fin d&#039;utilisation<\/h2><p>Nous pouvons, \u00e0 notre seule discr\u00e9tion, \u00e0 tout moment modifier ou interrompre l&#039;acc\u00e8s, temporairement ou de fa\u00e7on permanente, au site web ou \u00e0 tout service qui s&#039;y trouve. Vous acceptez que vous n&#039;avez aucune responsabilit\u00e9 et que vous participez \u00e0 la modification, \u00e0 la suspension ou \u00e0 l&#039;interruption de votre acc\u00e8s ou de votre utilisation du site web ou de tous les contenus dont vous disposez dans le site web. Vous avez droit \u00e0 une compensation suppl\u00e9mentaire ou \u00e0 un autre paiement, bien qu&#039;il existe certaines fonctions, certains r\u00e8glements et\/ou tous les contenus et que vous devez \u00e9galement contribuer ou sur lequel vous \u00eates appuy\u00e9 sont d\u00e9finitivement perdus. Vous n&#039;\u00eates pas oblig\u00e9 d&#039;utiliser les mesures de restriction d&#039;acc\u00e8s \u00e0 notre site web.<\/p><h2>12. Garanties et responsabilit\u00e9<\/h2><p>Rien dans cette section ne limitera ou n&#039;exclura une garantie implicite de la loi qu&#039;il serait ill\u00e9gal de limiter ou d&#039;exclure. Ce site web et tout son contenu ont quatre &quot;au bureau&quot; et &quot;leur disponibilit\u00e9&quot; et peuvent contenir des inexactitudes ou des erreurs typographiques. Nous d\u00e9clinons sp\u00e9cifiquement toute garantie de quelque nature que ce soit, expresse ou implicite, quant \u00e0 la disponibilit\u00e9, l&#039;exactitude ou l&#039;exhaustivit\u00e9 du contenu. Nous ne garantissons pas ceci :<\/p><p><ul>\n                    <li>Ce site web ou notre contenu r\u00e9pondront \u00e0 vos besoins ;<\/li>\n                    <li>ce site web sera disponible de mani\u00e8re ininterrompue, opportune, s\u00fbre ou sans erreur.<\/li>\n        <\/ul><\/p><p>Rien sur ce site web ne constitue ou n&#039;est cens\u00e9 constituer un juridique, financier ou m\u00e9dical de quelque nature que ce soit. Si vous avez des conseils professionnels, vous \u00eates un consultant professionnel.<\/p><p>Les dispositions suivantes de la pr\u00e9sente section s&#039;appliqueront dans la mesure maximale permise par le droit applicable et ne limiteront ni n&#039;excluront notre responsabilit\u00e9 en ce qui concerne toute question pour laquelle il serait ill\u00e9gal ou illicite pour nous de limiter ou d&#039;exclure notre responsabilit\u00e9. En aucun cas nous ne serons responsables des dommages directs ou indirects (y compris les dommages pour perte de b\u00e9n\u00e9fices ou de revenus, la perte ou la corruption de donn\u00e9es, de logiciels ou de bases de donn\u00e9es, ou la perte ou l&#039;endommagement de biens ou de donn\u00e9es) subis par vous ou par une tierce partie, r\u00e9sultant de votre acc\u00e8s \u00e0 votre site web ou de son utilisation.<\/p><p>Sauf dans la mesure o\u00f9 tout contrat responsabilit\u00e9 suppl\u00e9mentaire stipule express\u00e9ment le contraire, notre maximale vous envers pour tout dommage caus\u00e9 de ou li\u00e9 au site web ou \u00e0 tout produit et service commercialis\u00e9 ou vendu par le biais du site web, quelle que soit la forme de l&#039;action en justice qui impose la Responsabilit\u00e9 (qu&#039;elle soit contractuelle, d&#039;\u00e9quit\u00e9, de n\u00e9gligence, de conduite intentionnelle, d\u00e9lictuelle ou autre) sera limit\u00e9e au prix total que vous nous avez pay\u00e9 pour acheter ces produits ou services ou utiliser le site web. Cette limite s&#039;appliquera globalement \u00e0 toutes vos r\u00e9clamations, actions et causes d&#039;action de toute nature et de tout type.<\/p><h2>13. Confidentialit\u00e9<\/h2><p>Pour acc\u00e9der \u00e0 notre site web et\/ou \u00e0 nos services, vous devez recevoir certaines informations vous concernant dans le cadre de la proc\u00e9dure d&#039;inscription. Vous acceptez que toutes les informations fournies soient exactes, correctes et \u00e0 jour.<\/p><p>Nous avons \u00e9labor\u00e9 une politique pour r\u00e9pondre \u00e0 toutes vos pr\u00e9occupations en mati\u00e8re de protection de la vie priv\u00e9e. Pour plus d&#039;informations, veuillez consulter notre <a href=\"\">d\u00e9claration de confidentialit\u00e9<\/a> et notre <a href=\"\">politique en mati\u00e8re de cookies<\/a>.<\/p><h2>14. Restrictions \u00e0 l&#039;exportation \/ Conformit\u00e9 juridique<\/h2><p>L&#039;acc\u00e8s au site web \u00e0 partir des territoires ou de pays o\u00f9 le contenu ou l&#039;achat des produits ou services vendus sur le site web n&#039;est pas ill\u00e9gal est interdit. Vous pouvez utiliser le site Web en violation des r\u00e8gles et r\u00e9glementations en mati\u00e8re d&#039;exportation. .<\/p><h2>15. Marketing d&#039;affiliation<\/h2><p>Dans le cadre de ce site web, vous pouvez \u00e9galement vous engager dans un marketing d&#039;affiliation par lequel nous percevons un pourcentage ou une commission sur la fourniture de services ou de produits sur ou via le site web. Nous pouvons \u00e9galement accepter des parrainages ou d&#039;autres formes de r\u00e9mun\u00e9ration publicitaire de la part des entreprises. Cette publication est destin\u00e9e \u00e0 \u00eatre conforme aux exigences l\u00e9gales en mati\u00e8re de marketing et de publicit\u00e9 applicables, conform\u00e9ment au Code de la consommation en France.<\/p><h2>16. Affection<\/h2><p>Vous n&#039;\u00eates pas oblig\u00e9 de le remettre, vous pouvez le transf\u00e9rer \u00e0 votre partenaire et vous devrez \u00e9galement en accepter les droits et\/ou obligations en vertu des pr\u00e9sentes conditions g\u00e9n\u00e9rales, en tout ou en partie, \u00e0 une tierce partie sans notre consentement \u00e9crit pr\u00e9alable. Toute cession pr\u00e9sum\u00e9e en violation de la pr\u00e9sente section sera nulle et non avenue.<\/p><h2>17. Violation des pr\u00e9sentes conditions g\u00e9n\u00e9rales<\/h2><p>Sans pr\u00e9judice de nos autres droits en vertu des conditions g\u00e9n\u00e9rales pr\u00e9sentes, si vous violez les conditions g\u00e9n\u00e9rales pr\u00e9sentes de quelque mani\u00e8re que ce soit, nous pouvons prendre les mesures que nous jugeons appropri\u00e9es pour traiter la violation, y compris la suspension temporaire ou permanente de votre acc\u00e8s au site web, le prix de contact avec votre fournisseur d&#039;acc\u00e8s Internet pour la demande de blocage de votre acc\u00e8s au site web, et\/ou engager une action en justice contre le v\u00f4tre.<\/p><h2>18. Force majeure<\/h2><p>\u00c0 l&#039;exception des obligations de paiement en vertu des pr\u00e9sentes, aucun retard, manquement ou omission par l&#039;une des parties d&#039;ex\u00e9cuter ou d&#039;observer l&#039;une de ses obligations en vertu des pr\u00e9sentes ne sera consid\u00e9r\u00e9e comme une violation des pr\u00e9sentes conditions g\u00e9n\u00e9rales si et aussi longtemps que ce retard, ce manquement. Cette omission entra\u00eene une cause ind\u00e9pendante du motif volontaire de cette partie.<\/p><h2>19. Indemnisation<\/h2><p>Vous acceptez votre propre d\u00e9fense, votre droit de r\u00e9clamer tous les dommages-int\u00e9r\u00eats, dommages et int\u00e9r\u00eats et pertes r\u00e9sultant de votre violation des pr\u00e9sentes conditions g\u00e9n\u00e9rales et des lois applicables, y compris les droits de propri\u00e9t\u00e9 intellectuelle et les droits \u00e0 la vie priv\u00e9e. Vous pouvez rapidement obtenir r\u00e9paration pour tous les dommages-int\u00e9r\u00eats, dommages et int\u00e9r\u00eats et pertes en intentant une action ou en fournissant les documents requis.<\/p><h2>20. D\u00e9rogation<\/h2><p>Le fait de ne pas appliquer l&#039;une des dispositions r\u00e9elles dans les pr\u00e9sentes conditions g\u00e9n\u00e9rales et dans tout accord, ou de ne pas exercer une option de r\u00e9siliation, ne doit pas \u00eatre interpr\u00e9t\u00e9 comme une renonciation \u00e0 ces dispositions et n&#039;affecte pas la validit\u00e9 des pr\u00e9sentes conditions g\u00e9n\u00e9rales ou au plein accord ou aux deux parties de la cellule, il n&#039;y a aucun int\u00e9r\u00eat \u00e0 la suite des applications des dispositions.<\/p><h2>21. Langue<\/h2><p>Les pr\u00e9sentes conditions g\u00e9n\u00e9rales seront traduites exclusivement en Allemand.&nbsp;Toutes les notifications et la correspondance seront r\u00e9dig\u00e9s exclusivement dans cette langue.<\/p><h2>22. Accord int\u00e9gral<\/h2><p>Ces conditions g\u00e9n\u00e9rales sont ce que non <a href=\"\">d\u00e9claration de confidentialit\u00e9<\/a> et <a href=\"\">politique en mati\u00e8re de cookies<\/a>, faisant partie de l&#039;int\u00e9gration de l&#039;accord entre vous et votre utilisation du site web.<\/p><h2>23. Mise \u00e0 jour des pr\u00e9sentes conditions g\u00e9n\u00e9rales<\/h2><p>Nous pouvons de temps en temps mettre \u00e0 jour ces conditions g\u00e9n\u00e9rales. Il vous appartient de v\u00e9rifier p\u00e9riodiquement les pr\u00e9sentes conditions g\u00e9n\u00e9rales pour voir si elles ont \u00e9t\u00e9 modifi\u00e9es ou mises \u00e0 jour. La date indiqu\u00e9e au d\u00e9but des pr\u00e9sentes conditions g\u00e9n\u00e9rales est la date de r\u00e9vision la plus r\u00e9cente. Les modifications propos\u00e9es aux pr\u00e9sentes conditions g\u00e9n\u00e9rales entreront en vigueur d\u00e8s qu&#039;elles seront publi\u00e9es sur ce site web. Votre utilisation se poursuivra sur le site web apr\u00e8s la publication de modifications ou d&#039;utilisations abusives au quotidien, d\u00e8s r\u00e9ception d&#039;une notification de votre acceptation du respect et des conditions g\u00e9n\u00e9rales.<\/p><h2>24. Choix de la loi et de la juridiction<\/h2><p>Les pr\u00e9sentes conditions g\u00e9n\u00e9rales sont r\u00e9gies par les lois de . Tout litige relatif aux conditions g\u00e9n\u00e9rales pr\u00e9sentes sera soumis \u00e0 la juridiction des tribunaux de . Cette partie ou la disposition des pr\u00e9sentes conditions g\u00e9n\u00e9rales est consid\u00e9r\u00e9e par le tribunal ou par l&#039;auteur comme invalide et\/ou inapplicable en vertu du droit applicable, cette partie ou la disposition est modifi\u00e9e, supprim\u00e9e et\/ou appliqu\u00e9e dans la plus large mesure possible en effet \u00e0 l&#039;intention des pr\u00e9sentes conditions g\u00e9n\u00e9rales. Les autres dispositions ne seront pas affect\u00e9es.<\/p><h2>25. Coordonn\u00e9es<\/h2><p>Ce site web est d\u00e9tenu et exploit\u00e9 par .<\/p><h2>26. T\u00e9l\u00e9charger<\/h2><p>Vous pouvez \u00e9galement <a href=\"https:\/\/chrissmart.de\/wp-content\/plugins\/complianz-terms-conditions\/download.php\">t\u00e9l\u00e9charger<\/a> nos conditions g\u00e9n\u00e9rales au format PDF.<\/p><\/div>","protected":false},"excerpt":{"rendered":"","protected":false},"author":1,"featured_media":0,"parent":0,"menu_order":0,"comment_status":"closed","ping_status":"closed","template":"","meta":{"_acf_changed":false,"googlesitekit_rrm_CAowl7q2DA:productID":"","footnotes":""},"class_list":["post-4340","page","type-page","status-publish","hentry"],"acf":[],"blog_post_layout_featured_media_urls":{"thumbnail":"","full":""},"categories_names":null,"comments_number":"0","wpmagazine_modules_lite_featured_media_urls":{"thumbnail":"","cvmm-medium":"","cvmm-medium-plus":"","cvmm-portrait":"","cvmm-medium-square":"","cvmm-large":"","cvmm-small":"","full":""},"jetpack_sharing_enabled":true,"_links":{"self":[{"href":"https:\/\/chrissmart.de\/fr\/wp-json\/wp\/v2\/pages\/4340","targetHints":{"allow":["GET"]}}],"collection":[{"href":"https:\/\/chrissmart.de\/fr\/wp-json\/wp\/v2\/pages"}],"about":[{"href":"https:\/\/chrissmart.de\/fr\/wp-json\/wp\/v2\/types\/page"}],"author":[{"embeddable":true,"href":"https:\/\/chrissmart.de\/fr\/wp-json\/wp\/v2\/users\/1"}],"replies":[{"embeddable":true,"href":"https:\/\/chrissmart.de\/fr\/wp-json\/wp\/v2\/comments?post=4340"}],"version-history":[{"count":0,"href":"https:\/\/chrissmart.de\/fr\/wp-json\/wp\/v2\/pages\/4340\/revisions"}],"wp:attachment":[{"href":"https:\/\/chrissmart.de\/fr\/wp-json\/wp\/v2\/media?parent=4340"}],"curies":[{"name":"wp","href":"https:\/\/api.w.org\/{rel}","templated":true}]}}