{"id":47,"date":"2023-08-06T10:32:23","date_gmt":"2023-08-06T10:32:23","guid":{"rendered":"http:\/\/chrissmart.de\/?page_id=47"},"modified":"2025-11-04T17:40:04","modified_gmt":"2025-11-04T17:40:04","slug":"impressum","status":"publish","type":"page","link":"https:\/\/chrissmart.de\/fr\/imprimer\/","title":{"rendered":"imprimer"},"content":{"rendered":"<div class=\"impressum__imprint-container\"><dl><dt>nom<\/dt><dd>Chris Smart<\/dd><dt>Adresse<\/dt><dd>Franz-Marc-Stra\u00dfe 3<br \/>\r\n22115 Hambourg<\/dd><dt>Adresse email<\/dt><dd><a href=\"mailto:info@chrissmart.de\">info@chrissmart.de<\/a><\/dd><dt>T\u00e9l\u00e9phone<\/dt><dd>00491703178095<\/dd><dt>Responsable du contenu<\/dt><dd>Chris Smart<br \/>\r\nFranz-Marc-Stra\u00dfe 3<br \/>\r\n22115 Hambourg<\/dd><\/dl><\/div>\n\n\n<p><strong>Clause de non-responsabilit\u00e9<\/strong><\/p>\n\n\n\n<p><strong>1. Avertissement concernant le contenu<\/strong><\/p>\n\n\n\n<p>Le contenu gratuit et accessible \u00e0 tous de ce site web a \u00e9t\u00e9 \u00e9labor\u00e9 avec le plus grand soin. Toutefois, le fournisseur de ce site d\u00e9cline toute responsabilit\u00e9 quant \u00e0 l&#039;exactitude et \u00e0 l&#039;actualit\u00e9 des informations et conseils journalistiques gratuits et accessibles \u00e0 tous. L&#039;utilisation du contenu de ce site web se fait \u00e0 vos propres risques. Le simple fait d&#039;acc\u00e9der \u00e0 ce contenu gratuit et accessible \u00e0 tous n&#039;\u00e9tablit aucune relation contractuelle entre l&#039;utilisateur et le fournisseur, ce dernier n&#039;ayant aucune intention de conclure un accord juridiquement contraignant.<\/p>\n\n\n\n<p><strong>2. Liens<\/strong><\/p>\n\n\n\n<p>Ce site web contient des liens vers d&#039;autres sites web (\u201e\u00a0liens externes\u00a0\u201c). Ces sites rel\u00e8vent de la responsabilit\u00e9 de leurs exploitants respectifs. Aucune infraction l\u00e9gale n&#039;a \u00e9t\u00e9 constat\u00e9e lors de la cr\u00e9ation des liens externes. Le fournisseur n&#039;a aucune influence sur la conception actuelle ou future des pages li\u00e9es. Il ne peut raisonnablement \u00eatre exig\u00e9 du fournisseur qu&#039;il surveille constamment les liens externes en l&#039;absence d&#039;indications pr\u00e9cises d&#039;infractions l\u00e9gales. D\u00e8s notification d&#039;une infraction l\u00e9gale, les liens externes concern\u00e9s seront imm\u00e9diatement supprim\u00e9s.<\/p>\n\n\n\n<p><strong>3. Droits d&#039;auteur \/ Droits voisins<\/strong><\/p>\n\n\n\n<p>Le contenu publi\u00e9 sur ce site web par le fournisseur est soumis au droit d&#039;auteur allemand et aux droits voisins. Toute utilisation non autoris\u00e9e par le droit d&#039;auteur allemand et les droits voisins n\u00e9cessite l&#039;autorisation \u00e9crite pr\u00e9alable du fournisseur ou du titulaire des droits concern\u00e9. Ceci s&#039;applique notamment \u00e0 la reproduction, la modification, la traduction, le stockage, le traitement ou la transmission du contenu dans des bases de donn\u00e9es ou sur d&#039;autres supports et syst\u00e8mes \u00e9lectroniques. Les contenus et droits appartenant \u00e0 des tiers sont clairement identifi\u00e9s. La copie non autoris\u00e9e du contenu du site web ou du site web dans son int\u00e9gralit\u00e9 est interdite et passible de poursuites judiciaires. Seules la cr\u00e9ation de copies et les t\u00e9l\u00e9chargements pour un usage personnel, priv\u00e9 et non commercial sont autoris\u00e9s.<\/p>\n\n\n\n<p>Ce site web ne peut \u00eatre affich\u00e9 dans des cadres ou des iframes par des tiers sans autorisation \u00e9crite.<\/p>\n\n\n\n<p><strong>4. Aucune publicit\u00e9<\/strong><\/p>\n\n\n\n<p>L\u2019utilisation des coordonn\u00e9es figurant dans les mentions l\u00e9gales \u00e0 des fins de publicit\u00e9 commerciale est express\u00e9ment interdite, sauf autorisation \u00e9crite pr\u00e9alable du fournisseur ou en cas de relation commerciale \u00e9tablie. Le fournisseur et toutes les personnes cit\u00e9es sur ce site web s\u2019opposent par la pr\u00e9sente \u00e0 toute utilisation commerciale et \u00e0 toute divulgation de leurs donn\u00e9es.<\/p>\n\n\n\n<p><strong>5. Conditions particuli\u00e8res d&#039;utilisation<\/strong><\/p>\n\n\n\n<p>Lorsque des conditions particuli\u00e8res d&#039;utilisation de ce site web diff\u00e8rent des points 1 \u00e0 4 susmentionn\u00e9s, cela sera express\u00e9ment indiqu\u00e9 au point concern\u00e9. Dans ce cas, les conditions particuli\u00e8res s&#039;appliqueront individuellement.<\/p>\n\n\n\n<p>Source: <a href=\"https:\/\/www.fachanwalt.de\" rel=\"nofollow noopener\" target=\"_blank\">Voir l&#039;original<\/a><\/p>","protected":false},"excerpt":{"rendered":"<p>Haftungsausschluss \/ DISCLAIMER 1. Warnhinweis zu Inhalten Die kostenlosen und frei zug\u00e4nglichen Inhalte dieser Webseite wurden mit gr\u00f6\u00dftm\u00f6glicher Sorgfalt erstellt. Der Anbieter dieser Webseite \u00fcbernimmt jedoch keine Gew\u00e4hr f\u00fcr die Richtigkeit und Aktualit\u00e4t der bereitgestellten kostenlosen und frei zug\u00e4nglichen journalistischen Ratgeber und Nachrichten. Die Nutzung dieser Webseiteninhalte erfolgt auf eigene Gefahr. Allein durch den Aufruf [&hellip;]<\/p>\n","protected":false},"author":1,"featured_media":0,"parent":0,"menu_order":0,"comment_status":"closed","ping_status":"closed","template":"","meta":{"_acf_changed":false,"googlesitekit_rrm_CAowl7q2DA:productID":"","footnotes":""},"class_list":["post-47","page","type-page","status-publish","hentry"],"acf":[],"blog_post_layout_featured_media_urls":{"thumbnail":"","full":""},"categories_names":null,"comments_number":"0","wpmagazine_modules_lite_featured_media_urls":{"thumbnail":"","cvmm-medium":"","cvmm-medium-plus":"","cvmm-portrait":"","cvmm-medium-square":"","cvmm-large":"","cvmm-small":"","full":""},"jetpack_sharing_enabled":true,"_links":{"self":[{"href":"https:\/\/chrissmart.de\/fr\/wp-json\/wp\/v2\/pages\/47","targetHints":{"allow":["GET"]}}],"collection":[{"href":"https:\/\/chrissmart.de\/fr\/wp-json\/wp\/v2\/pages"}],"about":[{"href":"https:\/\/chrissmart.de\/fr\/wp-json\/wp\/v2\/types\/page"}],"author":[{"embeddable":true,"href":"https:\/\/chrissmart.de\/fr\/wp-json\/wp\/v2\/users\/1"}],"replies":[{"embeddable":true,"href":"https:\/\/chrissmart.de\/fr\/wp-json\/wp\/v2\/comments?post=47"}],"version-history":[{"count":0,"href":"https:\/\/chrissmart.de\/fr\/wp-json\/wp\/v2\/pages\/47\/revisions"}],"wp:attachment":[{"href":"https:\/\/chrissmart.de\/fr\/wp-json\/wp\/v2\/media?parent=47"}],"curies":[{"name":"wp","href":"https:\/\/api.w.org\/{rel}","templated":true}]}}