{"id":1079,"date":"2025-01-07T10:24:36","date_gmt":"2025-01-07T10:24:36","guid":{"rendered":"https:\/\/chrissmart.de\/?page_id=1079"},"modified":"2026-02-22T14:48:19","modified_gmt":"2026-02-22T14:48:19","slug":"smart-news","status":"publish","type":"page","link":"https:\/\/chrissmart.de\/it\/","title":{"rendered":"Smart News \u2013 Le ultime tendenze e sviluppi nella Smart Home"},"content":{"rendered":"<p>Benvenuti alla nostra rubrica Smart News! Qui troverete le ultime novit\u00e0, le tendenze pi\u00f9 interessanti e le innovazioni pi\u00f9 innovative dal mondo della tecnologia per la casa intelligente. Che si tratti di sistemi di sicurezza intelligenti, nuovi sensori, soluzioni energetiche intelligenti o progressi nell&#039;intelligenza artificiale, vi terremo aggiornati.<br>Immergiti nel futuro della vita connessa e scopri come la tecnologia moderna rende la tua casa ancora pi\u00f9 confortevole, sicura ed efficiente.<\/p>\n\n\n\n<div style=\"height:30px\" aria-hidden=\"true\" class=\"wp-block-spacer\"><\/div>\n\n\n                <div id=\"wpmagazine-modules-lite-post-grid-block-6692bc48-2837-4803-884a-f2100b5b8e74\" class=\"wpmagazine-modules-lite-post-grid-block alignwide block-6692bc48-2837-4803-884a-f2100b5b8e74 cvmm-block cvmm-block-post-grid--layout-one\">\r\n                        <div class=\"cvmm-post-wrapper cvmm-post--imagemargin column--two\">\r\n                        <article post-id=\"post-4404\" class=\"cvmm-post post-format--standard\" itemscope itemtype=\"http:\/\/schema.org\/articleBody\">\r\n                                                <div class=\"cvmm-post-thumb\">\r\n                                <a href=\"https:\/\/chrissmart.de\/it\/aggiornamento-navimow-i2-lidar-pro-v4-1-0\/\" target=\"_blank\"><img decoding=\"async\" src=\"Italiano: https:\/\/chrissmart.de\/wp-content\/uploads\/2026\/05\/Navimow-i2-LiDAR-Pro-erhaelt-grosses-V4.1.0-Update-mit-Home-Assistant-Auto-Mapping-und-Apple-\u201eWo-ist-1.png\" alt=\"Aggiornamento Navimow i2 LiDAR Pro V4.1.0 con Home Assistant, mappatura automatica e Apple &quot;Dov&#039;\u00e8?&quot;\u201e\"\/><\/a>\r\n                                <span class=\"cvmm-post-cats-wrap cvmm-post-meta-item\"><span class=\"cvmm-post-cat cvmm-cat-37\"><a href=\"https:\/\/chrissmart.de\/it\/category\/navimow\/\" target=\"_blank\">Navimow<\/a><\/span><\/span>                            <\/div>\r\n                                                <h2 class=\"cvmm-post-title\">\r\n                                <a href=\"https:\/\/chrissmart.de\/it\/aggiornamento-navimow-i2-lidar-pro-v4-1-0\/\" target=\"_blank\">\r\n                                    Aggiornamento Navimow i2 LiDAR Pro V4.1.0 con Home Assistant, mappatura automatica e Apple &quot;Dov&#039;\u00e8?&quot;\u201e                                <\/a>\r\n                            <\/h2>\r\n                    \r\n                    <div class=\"cvmm-post-meta cvmm-meta-icon-show\">\r\n                        <span class=\"cvmm-post-date cvmm-post-meta-item\" itemprop=\"datePublished\"><a href=\"https:\/\/chrissmart.de\/it\/aggiornamento-navimow-i2-lidar-pro-v4-1-0\/\" target=\"_blank\">10 maggio 2026<\/a><\/span><span class=\"cvmm-post-author-name cvmm-post-meta-item\" itemprop=\"author\"><a href=\"https:\/\/chrissmart.de\/it\/author\/admin\/\" target=\"_blank\">Chris<\/a><\/span>                    <\/div>\r\n                    <div class=\"cvmm-post-content\" itemprop=\"description\">Con il nuovo firmware e la versione dell&#039;app V4.1.0, Segway amplia le funzionalit\u00e0 del sensore LiDAR Navimow i2\u2026<\/div><div class=\"cvmm-read-more\"><a href=\"https:\/\/chrissmart.de\/it\/aggiornamento-navimow-i2-lidar-pro-v4-1-0\/\" target=\"_blank\">Leggi l&#039;articolo<i class=\"fas fa-arrow-right\"><\/i><\/a><\/div>                <\/article>\r\n                        <article post-id=\"post-4384\" class=\"cvmm-post post-format--standard\" itemscope itemtype=\"http:\/\/schema.org\/articleBody\">\r\n                                                <div class=\"cvmm-post-thumb\">\r\n                                <a href=\"https:\/\/chrissmart.de\/it\/firmware-sensore-perdite-acqua-ikea-klippbok-1-0-13\/\" target=\"_blank\"><img decoding=\"async\" src=\"https:\/\/chrissmart.de\/wp-content\/uploads\/2026\/05\/IKEA-KLIPPBOK-Wasserlecksensor-Firmware-Update-1.0.13-soll-Verbindungsprobleme-verbessern.png\" alt=\"L&#039;aggiornamento firmware 1.0.13 di IKEA KLIPBPOK mira a risolvere i problemi di connessione.\"\/><\/a>\r\n                                <span class=\"cvmm-post-cats-wrap cvmm-post-meta-item\"><span class=\"cvmm-post-cat cvmm-cat-440\"><a href=\"https:\/\/chrissmart.de\/it\/category\/sistemi-per-la-casa-intelligente-ikea\/\" target=\"_blank\">IKEA<\/a><\/span><span class=\"cvmm-post-cat cvmm-cat-441\"><a href=\"https:\/\/chrissmart.de\/it\/category\/ha\/\" target=\"_blank\">Assistente domestico<\/a><\/span><\/span>                            <\/div>\r\n                                                <h2 class=\"cvmm-post-title\">\r\n                                <a href=\"https:\/\/chrissmart.de\/it\/firmware-sensore-perdite-acqua-ikea-klippbok-1-0-13\/\" target=\"_blank\">\r\n                                    L&#039;aggiornamento firmware 1.0.13 di IKEA KLIPBPOK mira a risolvere i problemi di connessione.                                <\/a>\r\n                            <\/h2>\r\n                    \r\n                    <div class=\"cvmm-post-meta cvmm-meta-icon-show\">\r\n                        <span class=\"cvmm-post-date cvmm-post-meta-item\" itemprop=\"datePublished\"><a href=\"https:\/\/chrissmart.de\/it\/firmware-sensore-perdite-acqua-ikea-klippbok-1-0-13\/\" target=\"_blank\">10 maggio 2026<\/a><\/span><span class=\"cvmm-post-author-name cvmm-post-meta-item\" itemprop=\"author\"><a href=\"https:\/\/chrissmart.de\/it\/author\/admin\/\" target=\"_blank\">Chris<\/a><\/span>                    <\/div>\r\n                    <div class=\"cvmm-post-content\" itemprop=\"description\">\u00c8 disponibile un nuovo aggiornamento del firmware per il sensore di perdite d&#039;acqua IKEA KLIPBPOK. La nuova versione \u00e8 la 1.0.13\u2026<\/div><div class=\"cvmm-read-more\"><a href=\"https:\/\/chrissmart.de\/it\/firmware-sensore-perdite-acqua-ikea-klippbok-1-0-13\/\" target=\"_blank\">Leggi l&#039;articolo<i class=\"fas fa-arrow-right\"><\/i><\/a><\/div>                <\/article>\r\n                        <article post-id=\"post-4352\" class=\"cvmm-post post-format--standard\" itemscope itemtype=\"http:\/\/schema.org\/articleBody\">\r\n                                                <div class=\"cvmm-post-thumb\">\r\n                                <a href=\"https:\/\/chrissmart.de\/it\/navimow-i105e-vs-i205-awd-le-differenze-piu-importanti-a-confronto\/\" target=\"_blank\"><img decoding=\"async\" src=\"https:\/\/chrissmart.de\/wp-content\/uploads\/2026\/05\/Navimow-i105E-vs.-i205-AWD-Die-wichtigsten-Unterschiede-im-Vergleich.png\" alt=\"Navimow i105E vs. i205 AWD: le differenze pi\u00f9 importanti a confronto\"\/><\/a>\r\n                                <span class=\"cvmm-post-cats-wrap cvmm-post-meta-item\"><span class=\"cvmm-post-cat cvmm-cat-37\"><a href=\"https:\/\/chrissmart.de\/it\/category\/navimow\/\" target=\"_blank\">Navimow<\/a><\/span><\/span>                            <\/div>\r\n                                                <h2 class=\"cvmm-post-title\">\r\n                                <a href=\"https:\/\/chrissmart.de\/it\/navimow-i105e-vs-i205-awd-le-differenze-piu-importanti-a-confronto\/\" target=\"_blank\">\r\n                                    Navimow i105E vs. i205 AWD: le differenze pi\u00f9 importanti a confronto                                <\/a>\r\n                            <\/h2>\r\n                    \r\n                    <div class=\"cvmm-post-meta cvmm-meta-icon-show\">\r\n                        <span class=\"cvmm-post-date cvmm-post-meta-item\" itemprop=\"datePublished\"><a href=\"https:\/\/chrissmart.de\/it\/navimow-i105e-vs-i205-awd-le-differenze-piu-importanti-a-confronto\/\" target=\"_blank\">8 maggio 2026<\/a><\/span><span class=\"cvmm-post-author-name cvmm-post-meta-item\" itemprop=\"author\"><a href=\"https:\/\/chrissmart.de\/it\/author\/admin\/\" target=\"_blank\">Chris<\/a><\/span>                    <\/div>\r\n                    <div class=\"cvmm-post-content\" itemprop=\"description\">Con il Navimow i105E, Segway ha lanciato nel 2024 uno dei robot tagliaerba entry-level senza fili perimetrali pi\u00f9 interessanti\u2026<\/div><div class=\"cvmm-read-more\"><a href=\"https:\/\/chrissmart.de\/it\/navimow-i105e-vs-i205-awd-le-differenze-piu-importanti-a-confronto\/\" target=\"_blank\">Leggi l&#039;articolo<i class=\"fas fa-arrow-right\"><\/i><\/a><\/div>                <\/article>\r\n                        <article post-id=\"post-4348\" class=\"cvmm-post post-format--standard\" itemscope itemtype=\"http:\/\/schema.org\/articleBody\">\r\n                                                <div class=\"cvmm-post-thumb\">\r\n                                <a href=\"https:\/\/chrissmart.de\/it\/integrazione-con-smartthings-e-home-assistant\/\" target=\"_blank\"><img decoding=\"async\" src=\"https:\/\/chrissmart.de\/wp-content\/uploads\/2026\/05\/GmWITlkWwAAX8F4.jpg\" alt=\"SmartThings e Home Assistant: l&#039;integrazione ufficiale porta nuovi vantaggi\"\/><\/a>\r\n                                <span class=\"cvmm-post-cats-wrap cvmm-post-meta-item\"><span class=\"cvmm-post-cat cvmm-cat-441\"><a href=\"https:\/\/chrissmart.de\/it\/category\/ha\/\" target=\"_blank\">Assistente domestico<\/a><\/span><\/span>                            <\/div>\r\n                                                <h2 class=\"cvmm-post-title\">\r\n                                <a href=\"https:\/\/chrissmart.de\/it\/integrazione-con-smartthings-e-home-assistant\/\" target=\"_blank\">\r\n                                    SmartThings e Home Assistant: l&#039;integrazione ufficiale porta nuovi vantaggi                                <\/a>\r\n                            <\/h2>\r\n                    \r\n                    <div class=\"cvmm-post-meta cvmm-meta-icon-show\">\r\n                        <span class=\"cvmm-post-date cvmm-post-meta-item\" itemprop=\"datePublished\"><a href=\"https:\/\/chrissmart.de\/it\/integrazione-con-smartthings-e-home-assistant\/\" target=\"_blank\">7 maggio 2026<\/a><\/span><span class=\"cvmm-post-author-name cvmm-post-meta-item\" itemprop=\"author\"><a href=\"https:\/\/chrissmart.de\/it\/author\/admin\/\" target=\"_blank\">Chris<\/a><\/span>                    <\/div>\r\n                    <div class=\"cvmm-post-content\" itemprop=\"description\">Samsung SmartThings e Home Assistant ora funzioneranno ufficialmente insieme. La nuova integrazione non solo migliora\u2026<\/div><div class=\"cvmm-read-more\"><a href=\"https:\/\/chrissmart.de\/it\/integrazione-con-smartthings-e-home-assistant\/\" target=\"_blank\">Leggi l&#039;articolo<i class=\"fas fa-arrow-right\"><\/i><\/a><\/div>                <\/article>\r\n                        <article post-id=\"post-4314\" class=\"cvmm-post post-format--standard\" itemscope itemtype=\"http:\/\/schema.org\/articleBody\">\r\n                                                <div class=\"cvmm-post-thumb\">\r\n                                <a href=\"https:\/\/chrissmart.de\/it\/home-assistant-2026-5-beta-presentato-integrazione-con-hardware-meno-recente\/\" target=\"_blank\"><img decoding=\"async\" src=\"https:\/\/chrissmart.de\/wp-content\/uploads\/2026\/05\/Home-Assistant-2026.5.png\" alt=\"Home Assistant 2026.5 \u00e8 stato presentato: pi\u00f9 opzioni per l&#039;hardware meno recente, dashboard pi\u00f9 moderne e automazioni pi\u00f9 intelligenti.\"\/><\/a>\r\n                                <span class=\"cvmm-post-cats-wrap cvmm-post-meta-item\"><span class=\"cvmm-post-cat cvmm-cat-441\"><a href=\"https:\/\/chrissmart.de\/it\/category\/ha\/\" target=\"_blank\">Assistente domestico<\/a><\/span><\/span>                            <\/div>\r\n                                                <h2 class=\"cvmm-post-title\">\r\n                                <a href=\"https:\/\/chrissmart.de\/it\/home-assistant-2026-5-beta-presentato-integrazione-con-hardware-meno-recente\/\" target=\"_blank\">\r\n                                    Home Assistant 2026.5 \u00e8 stato presentato: pi\u00f9 opzioni per l&#039;hardware meno recente, dashboard pi\u00f9 moderne e automazioni pi\u00f9 intelligenti.                                <\/a>\r\n                            <\/h2>\r\n                    \r\n                    <div class=\"cvmm-post-meta cvmm-meta-icon-show\">\r\n                        <span class=\"cvmm-post-date cvmm-post-meta-item\" itemprop=\"datePublished\"><a href=\"https:\/\/chrissmart.de\/it\/home-assistant-2026-5-beta-presentato-integrazione-con-hardware-meno-recente\/\" target=\"_blank\">6 maggio 2026<\/a><\/span><span class=\"cvmm-post-author-name cvmm-post-meta-item\" itemprop=\"author\"><a href=\"https:\/\/chrissmart.de\/it\/author\/admin\/\" target=\"_blank\">Chris<\/a><\/span>                    <\/div>\r\n                    <div class=\"cvmm-post-content\" itemprop=\"description\">Con Home Assistant 2026.5, la Open Home Foundation rilascia uno degli aggiornamenti pi\u00f9 completi di\u2026<\/div><div class=\"cvmm-read-more\"><a href=\"https:\/\/chrissmart.de\/it\/home-assistant-2026-5-beta-presentato-integrazione-con-hardware-meno-recente\/\" target=\"_blank\">Leggi l&#039;articolo<i class=\"fas fa-arrow-right\"><\/i><\/a><\/div>                <\/article>\r\n                        <article post-id=\"post-4292\" class=\"cvmm-post post-format--standard\" itemscope itemtype=\"http:\/\/schema.org\/articleBody\">\r\n                                                <div class=\"cvmm-post-thumb\">\r\n                                <a href=\"https:\/\/chrissmart.de\/it\/il-sensore-multifunzione-aqara-p100-e-ora-disponibile\/\" target=\"_blank\"><img decoding=\"async\" src=\"https:\/\/chrissmart.de\/wp-content\/uploads\/2026\/05\/p100-2.png\" alt=\"Il sensore multifunzione Aqara P100 per il monitoraggio di porte, finestre e oggetti \u00e8 ora disponibile.\"\/><\/a>\r\n                                <span class=\"cvmm-post-cats-wrap cvmm-post-meta-item\"><span class=\"cvmm-post-cat cvmm-cat-36\"><a href=\"https:\/\/chrissmart.de\/it\/category\/acquaragia\/\" target=\"_blank\">Aqara<\/a><\/span><\/span>                            <\/div>\r\n                                                <h2 class=\"cvmm-post-title\">\r\n                                <a href=\"https:\/\/chrissmart.de\/it\/il-sensore-multifunzione-aqara-p100-e-ora-disponibile\/\" target=\"_blank\">\r\n                                    Il sensore multifunzione Aqara P100 per il monitoraggio di porte, finestre e oggetti \u00e8 ora disponibile.                                <\/a>\r\n                            <\/h2>\r\n                    \r\n                    <div class=\"cvmm-post-meta cvmm-meta-icon-show\">\r\n                        <span class=\"cvmm-post-date cvmm-post-meta-item\" itemprop=\"datePublished\"><a href=\"https:\/\/chrissmart.de\/it\/il-sensore-multifunzione-aqara-p100-e-ora-disponibile\/\" target=\"_blank\">5 maggio 2026<\/a><\/span><span class=\"cvmm-post-author-name cvmm-post-meta-item\" itemprop=\"author\"><a href=\"https:\/\/chrissmart.de\/it\/author\/admin\/\" target=\"_blank\">Chris<\/a><\/span>                    <\/div>\r\n                    <div class=\"cvmm-post-content\" itemprop=\"description\">Con il sensore multifunzione Aqara P100, Aqara lancia un nuovo sensore versatile che\u2026<\/div><div class=\"cvmm-read-more\"><a href=\"https:\/\/chrissmart.de\/it\/il-sensore-multifunzione-aqara-p100-e-ora-disponibile\/\" target=\"_blank\">Leggi l&#039;articolo<i class=\"fas fa-arrow-right\"><\/i><\/a><\/div>                <\/article>\r\n            <\/div>                <\/div><!-- #wpmagazine-modules-post-grid-block -->","protected":false},"excerpt":{"rendered":"<p>Willkommen in unserer Smart News! Hier findest du aktuelle Informationen, spannende Trends und frische Innovationen aus der Welt der Smart Home Technologie. Ob intelligente Sicherheitssysteme, neue Sensoren, smarte Energie-L\u00f6sungen oder Fortschritte in KI \u2013 wir halten dich immer auf dem Laufenden.Tauche ein in die Zukunft des vernetzten Wohnens und entdecke, wie moderne Technik dein Zuhause [&hellip;]<\/p>\n","protected":false},"author":1,"featured_media":0,"parent":0,"menu_order":0,"comment_status":"closed","ping_status":"closed","template":"","meta":{"_acf_changed":false,"googlesitekit_rrm_CAowl7q2DA:productID":"","footnotes":""},"class_list":["post-1079","page","type-page","status-publish","hentry"],"acf":[],"blog_post_layout_featured_media_urls":{"thumbnail":"","full":""},"categories_names":null,"comments_number":"0","wpmagazine_modules_lite_featured_media_urls":{"thumbnail":"","cvmm-medium":"","cvmm-medium-plus":"","cvmm-portrait":"","cvmm-medium-square":"","cvmm-large":"","cvmm-small":"","full":""},"jetpack_sharing_enabled":true,"_links":{"self":[{"href":"https:\/\/chrissmart.de\/it\/wp-json\/wp\/v2\/pages\/1079","targetHints":{"allow":["GET"]}}],"collection":[{"href":"https:\/\/chrissmart.de\/it\/wp-json\/wp\/v2\/pages"}],"about":[{"href":"https:\/\/chrissmart.de\/it\/wp-json\/wp\/v2\/types\/page"}],"author":[{"embeddable":true,"href":"https:\/\/chrissmart.de\/it\/wp-json\/wp\/v2\/users\/1"}],"replies":[{"embeddable":true,"href":"https:\/\/chrissmart.de\/it\/wp-json\/wp\/v2\/comments?post=1079"}],"version-history":[{"count":0,"href":"https:\/\/chrissmart.de\/it\/wp-json\/wp\/v2\/pages\/1079\/revisions"}],"wp:attachment":[{"href":"https:\/\/chrissmart.de\/it\/wp-json\/wp\/v2\/media?parent=1079"}],"curies":[{"name":"parola chiave","href":"https:\/\/api.w.org\/{rel}","templated":true}]}}