{"id":4340,"date":"2026-05-06T17:52:29","date_gmt":"2026-05-06T17:52:29","guid":{"rendered":"https:\/\/chrissmart.de\/allgemeine-geschaeftsbedingungen\/"},"modified":"2026-05-06T17:52:29","modified_gmt":"2026-05-06T17:52:29","slug":"allgemeine-geschaeftsbedingungen","status":"publish","type":"page","link":"https:\/\/chrissmart.de\/it\/condizioni-generali-di-contratto\/","title":{"rendered":"Condizioni generali di contratto"},"content":{"rendered":"<!-- This legal document was generated by Complianz Terms &amp; Conditions https:\/\/wordpress.org\/plugins\/complianz-terms-conditions -->\n<div id=\"cmplz-document\" class=\"cmplz-document cmplz-terms-conditions\"><p><i>I termini e le condizioni sono stati aggiornati l&#8217;ultima volta il 6. Maggio 2026<\/i><\/p><h2>1. Introduzione<\/h2><p>Le questioni relative ai termini e alle condizioni si applicano a questo sito web e tutte le transazioni sono relative ai nostri prodotti e servizi. Pu\u00f2 essere vincolato da ulteriori contrasti relativi alla tua relazione con noi oa qualsiasi prodotto or servicio che ricevi da noi. Le diverse configurazioni dei partner contrattuali sono in conflitto con le diverse disposizioni di questi termini, le disposizioni dei diversi titolari e responsabili del trattamento.<\/p><h2>2. Vinocolo<\/h2><p>Registrandosi, accedendo o utilizzando in altro modo questo sito sul web, l&#039;utente accetta di essere vincolato da questi Termini e condizioni di seguito riportati. L&#039;esempio utilizzato in questo sito web implica la connessione e l&#039;accettazione di questi termini e condizioni. In tutti i casi particolari, \u00e8 possibile avere un&#039;altra chiederle di acconsentire esplicitamente.<\/p><h2>3. Comunicazione elettronica<\/h2><p>Utilizzando questo sito web o comunicando con noi via elettronica, lei accetta e riconosce che possiamo comunicare con lei elettronicamente sul nostro sito web o inviandole un&#039;e-mail, e accetta che tutti gli accordi, gli avvisi, le divulgazioni e le altre comunicazioni che il dispositivo elettronico ha gli stessi requisiti legali, compresi requisiti non limitativi per le comunicazioni da effettuare in forma scritta.<\/p><h2>4. Propriet\u00e0 intellettuale<\/h2><p>Non sono previste licenze n\u00e9 controlli sui diritti d&#039;autore e altri diritti di propriet\u00e0 intellettuale del sito web e dei dati; le informazioni e le altre opzioni di visualizzazione avanzata sono accessibili da tutti i siti interni del sito.<\/p><p class=\"cmplz-subtitle\">4.1 Tutto \u00e8 sicuro e protetto<\/p><p>Inoltre, il contenuto specifico non \u00e8 soggetto a diversificazione, ma non richiede licenza o qualificazione in altri ambiti, sulla base delle indicazioni dell&#039;autore, marchi, brevetti o altri diritti di propriet\u00e0 intellettuale. Ci\u00f2 significa che non potrete utilizzare, copiare, riprodurre, eseguire, mostrare, distribuire, incorporare in qualsiasi mezzo elettronico, alterare, decompilare, trasferire, scaricare, trasmettere, monetizzare, vendere o commercializzare qualsiasi risorsa di questo sito web in qualsiasi forma, senza il nostro previo permesso scritto, tranne e solo nella misura in cui sia diversamente stabilito nei regolamenti di legge obbligatori (come il diritto di citazione).<\/p><h2>5. Newsletter<\/h2><p>Nonostante quanto sopra, \u00e8 possibile ricevere la nuova newsletter in formato elettronico per altre persone interessate a visitare il sito web sul web.<\/p><h2>6. Propriet\u00e0 di terzi<\/h2><p>Il nuovo sito sul web pu\u00f2 includere collegamenti IPertestiali o altri riferimenti sul sito di altre parti del web. Non controlliamo o riveliamo il contenuto del sito web di altre parti che sono collegate a questo sito web. I prodotti e i servizi offerti sul web includono anche termini e condizioni applicabili a terzi. Il parere \u00e8 stampato sul materiale che appare sul web e non necessita di essere concordato o approvato da nessuno.<\/p><p>Non siamo responsabili per la pratica della privacy o il contenuto di questi problemi. Si sostengono a vicenda e sono associati a tutti gli utenti del web e del servizio di qualit\u00e0 del terzo gruppo. Non accetteremo alcuna responsabilit\u00e0 per eventuali perdite o poi in quasiasi modo, comunque causali, derivanti dalla vostra divulgazione a terzi di informazioni personali.<\/p><h2>7. Uso responsabile<\/h2><p>Visita il sito web sul web, puoi usarlo da solo in anticipo e ottenere il consenso alle condizioni, le qualifiche sono contrarie tra loro e la legge e i regolamenti sono applicabili, senza l&#039;accesso generale online pratico e la linea di guida del settore. Non puoi utilizzare il sito web o i nostri servizi per l&#039;uso, la pubblicazione o la distribuzione di materiali di alta qualit\u00e0 che consistono in (o contengono) software per computer; utilizzare i dati del sito web per l&#039;attenzione di marketing diretto o utilizzare i dati del sistema per essere automatizzato o in relazione al sito web.<\/p><p>\u00c8 molto importante avere la stessa attivit\u00e0 in questo caso, o nel caso in cui il sito web interferisca con le prestazioni, la disponibilit\u00e0 o l&#039;accessibilit\u00e0 del sito web.<\/p><h2>8. Registrazione<\/h2><p>\u00c8 possibile registrarsi creando un account sul nostro sito web. Durante questa procedura, \u00e8 possibile creare facilmente una password. L&#039;utente \u00e8 responsabile della protezione della password e delle informazioni relative all&#039;account e non deve consentire a terzi di divulgare la password, le informazioni dell&#039;account o l&#039;accesso al sito protetto. Non \u00e8 obbligatorio autorizzare altre persone ad accedere al sito web utilizzando lo stesso account ed \u00e8 responsabilit\u00e0 dell&#039;utente prestare la massima attenzione quando utilizza la propria password o il proprio account. L&#039;utente verr\u00e0 informato immediatamente in caso di violazione della password.<\/p><p>Se mantieni l&#039;account, non \u00e8 necessario registrarne uno nuovo senza l&#039;autorizzazione attuale.<\/p><h2>9. Contenuti pubblicati da te<\/h2><p>Possiamo fornire vari strumenti di comunicazione disponibili sul nostro sito web, come commenti sul blog, post sul blog, forum, stream, valori e recensioni e vari servizi sui social media. Non \u00e8 possibile controllare o monitorare tutto ci\u00f2 che riguarda i contenuti degli altri tuoi dispositivi o innovare o accedere al sito web sul web. Tuttavia, ci riserviamo il diritto di rivedere il contenuto e di monitorare tutti gli usi e le attivit\u00e0 sul nostro sito web, e di rimuovere o rifiutare qualsiasi contenuto a nostra esclusiva discrezione. Pubblicando informazioni o utilizzando in altro modo qualsiasi strumento di comunicazione aperta come menzionato, l&#039;utente accetta che il suo contenuto sia conforme a questi termini e condizioni e non deve essere illegale illecito o violare i diritti legali di qualsiasi persona.<\/p><h2>10. Presentazione delle idee<\/h2><p>Non presentare idee, invenzioni, opere d&#039;autore o altre informazioni che possono essere considerate propriet\u00e0 intellettuale propria che vorresti presentarci, ma meno che non abbiamo prima firmato un accordo sulla propriet\u00e0 intellettuale o un accordo di non divulgazione. Se ce lo riveli in assenza di conto accordo scritto, ci concede una licenza mondiale, irrevocabile, non esclusiva, priva di royalty per utilizzare, riprodurre, memorizzare, adattare, pubblicare, distribuire e distribuire il tuo contenuto in qualsiasi supporto esistente o futuro.<\/p><h2>11. Cessazione dell&#039;uso<\/h2><p>Possiamo, a nostra esclusiva discrezione, in qualsiasi momento modificare o interrompere l&#039;accesso, temporaneo o permanente, al sito web o a qualsiasi servizio su di esso. Lei accetta che non saremo responsabili n\u00e9 i suoi confronti n\u00e9 nei confronti di terzi per qualsiasi modifica, sospensione o interruzione del suo accesso o uso del sito web o di qualsiasi contenuto che lei possa aver condiviso sul sito web. Non fa parte dell&#039;indennizzo o di altro pagamento, ma anche le sue caratteristiche, impostazioni e\/o contenuti qualitativi a cui ha contribuito o \u00e8 stato fatto affidamento, sono permanentemente persi. Non \u00e8 possibile utilizzare la tangenziale, n\u00e9 le tende della tangenziale o della tangenziale, ma ci sono anche limitazioni all&#039;accesso alla rete.<\/p><h2>12. Garanzia e responsabilit\u00e0<\/h2><p>Mai in questa sezione limiter\u00e0 o escluder\u00e0 qualsiasi garanzia implicita per legge che sarebbe illegale limitare o escludere. Questo sito web e tutti i contenuti del sito web sono forniti anche su una base \u201cso com&#039;\u00e8\u201c e \u201ccome disponibile\u201c e possono includere imprecisioni o errori tipografici. Decliniamo espressamente tutte le garanzie di qualsiasi tipo, sia espresse che implicite, per quanto riguarda la disponibilit\u00e0, l&#039;accuratezza o la completezza del contenuto. Non garantito:<\/p><p><ul>\n                    <li>Questo sito web oi nostri contenuti soddisfano le vostre esigenze;<\/li>\n                    <li>Questo sito web \u00e8 disponibile in modo interconnesso, tempestivo, sicuro e senza errori.<\/li>\n        <\/ul><\/p><p>Nulla di questo sito web Constitution o \u00e8 destinato a Constitution una consulenza legale, finanziaria o medica di qualsiasi tipo. \u00c8 stato consultato e consultato da un professionista appropriato.<\/p><p>Le seguenti disposizioni di questa sezione si applicheranno nella misura massima consentita dalla legge applicabile e non limiteranno o escluderanno la nostra responsabilit\u00e0 in relazione a qualsiasi questione che sarebbe illegale per noi limitare o escludere la nostra responsabilit\u00e0. In questo caso, sei responsabile delle qualifiche direttamente o indirettamente (compresi i Danni per la perdita di profitti o entrate, perdita o corruzione di dati, software o database, o perdita o Danno alla propriet\u00e0 o ai dati) sostenute da voi o da qualsiasi terza parte, derivanti dal vostro accesso o uso del nostro sito web.<\/p><p>Esiste una misura in cui qualsiasi contratto aggiuntivo dichiaratamente dichiarato espressamente il contrario, la nostra massima responsabilit\u00e0 nei vostri confronti per tutti e quindi derivanti da o relativi al sito web o qualsiasi prodotto e servizio commercializzato o venduto attraverso il sito web, indipendentemente dalla forma di azione legale che impone la responsabilit\u00e0 (sia nel contratto, equit\u00e0, negligenza, condotta intenzionale, torto o altro) sar\u00e0 limitata al prezzo totale che avete pagato a noi per acquistare tali prodotti o servizi o utilizzare sul sito web. Tale limite si applicher\u00e0 nel complesso a tutti i vostri reclami, azioni e cause di azione di ogni tipo e natura.<\/p><h2>13. Privacy<\/h2><p>Per accedere al sito web dal web e\/o con il nostro servizio, avrai accesso a tutte le informazioni rilevanti su questa parte del processo di registrazione. L&#039;utente accetta che qualsiasi informazione fornita sia sempre accurata, corretta e aggiornata.<\/p><p>Abbiamo sviluppato una politica per affrontare qualsiasi preoccupazione sulla privacy che potresti avere. Per ulteriori informazioni consultare il nostro <a href=\"\">Informativa sulla privacy<\/a> e nostro <a href=\"\">Informativa sui cookie<\/a>.<\/p><h2>14. Restrizioni all&#039;esportazione \/ Conformit\u00e0 legale<\/h2><p>L&#039;accesso al sito web nel territorio o nel paese nel contenuto o l&#039;acquisizione di prodotti o servizi sul web \u00e8 illegale e illecito. Non \u00e8 possibile utilizzare il web per il controllo delle gambe e la regolamentazione dello sport. .<\/p><h2>15. Marketing di affiliazione<\/h2><p>Attraverso questo sito web possiamo intraprendere un affiliato di marketing in cui riceviamo una percentuale o una commissione sulla vendita di servizi prodotti su o attraverso questo sito web. Possiamo accettare anche sponsorizzazioni o altre forme di compenso pubblico per il pubblico. Questa divulgazione ha lo scopo di rispettare i requisiti legali in materia di marketing e pubblicit\u00e0 che possono essere applicati, come il regolamento della Federal Trade Commission degli Stati Uniti.<\/p><h2>16. Assegnazione<\/h2><p>Non assemblare, trasferire o subappaltare nessuno dei Suoi diritti e\/o obblighi ai sensi di questi termini e condizioni, in entrambi o in parte, a terzi senza il nostro previo consenso scritto. Qualsiasi presunta assegnazione in violazione di questa sezione sar\u00e0 nulla.<\/p><h2>17. Violazioni dei presenti termini e condizioni<\/h2><p>Senza pregiudicare gli altri nostri diritti ai sensi di questi termini e condizioni, \u00e8 molto forte questi termini e condizioni qualitativamente alla moda, possiamo intraprendere le azioni che riteniamo appropriate per affrontare la violazione, compresa la sospensione temporanea o permanente del suo accesso al sito web, contattare il proprio fornitore di servizi Internet tramite ricchi blocchi di accesso al web e\/o ottenere un controllo legale sull&#039;utente.<\/p><h2>18. Forza Maggiore<\/h2><p>Fatta eccezione per gli obblighi di pagamento di denaro, nessun ritardo, fallimento omissione da parte di una delle parti da eseguire o osservare uno qualsiasi dei suoi obblighi ai sensi del presente documento sar\u00e0 considerato una violazione di questi Termini e condizioni se e per tutto il tempo in cui tale ritardo, fallimento omissione deriva da qualsiasi causa al di fuori del ragionevole controllo di quella parte.<\/p><h2>19. Indennizzo<\/h2><p>Lei accetta di indennizzare, difendere e manlevare noi, da e contro qualsiasii reclamo, responsabilit\u00e0, theni, perdite e spese, relative alla violazione di questi termini e condizioni, e delle leggi applicabili, compresi e diritti di propriet\u00e0 intellettuale e diritti di privacy. Ci rimborser\u00e0 prontamente per i nostri theni, perdite, costi e spese relativi ao derivanti da tali reclami.<\/p><h2>20. Rinuncia<\/h2><p>La mancata applicazione di una qualificazione delle disposizioni stabilite nei presenti termini e condizioni e nell&#039;accordo di qualificazione, o il mancato esercizio di quasiasi opzioni di recesso, non deve essere interpretata come una rinuncia a tali disposizioni e non pregiudica la validit\u00e0 di questi termini e condizioni o le qualificazioni sono accordate a parte dell&#039;esso, o il successivo indirizzo della domanda \u00e8 disposto secondo la singola disposizione.<\/p><h2>21. Lingua<\/h2><p>Questi Termini e Condizioni saranno interpretati e intesi esclusivamente in Tedesco.&nbsp;Tutti gli avvisi e la corrispondenza saranno scritti esclusivamente in quella lingua.<\/p><h2>22. Accordo integrale<\/h2><p>Questi Termini e Condizioni, insieme a noi <a href=\"\">informativa sulla privacy<\/a> E <a href=\"\">politica sui cookie<\/a>, costituiscono l&#039;intero accordo tra te e in relazione al tuo utilizzo di questo sito web.<\/p><h2>23. Aggiornamento di questi termini e condizioni<\/h2><p>Possiamo aggiornare i presenti termini e condizioni di volta in volta. \u00c8 necessario controllare periodicamente i presenti termini e condizioni per eventuali modifiche o integrazioni. I dati indicano tutte le iniziali dei presenti termini e condizioni e la data finale di revisione. La modifica dei presenti termini e condizioni differisce effettivamente dal momento in cui le modifiche vengono pubblicate sul web. La continuazione di questo sito web in seguito a tutte le pubblicazioni di modifiche o aggiornamenti sar\u00e0 considerata come una notifica della precedente accettazione di conformarsi e degli altri vincolati dei presenti termini e condizioni.<\/p><h2>24. Scelta della legge e della giurisdizione<\/h2><p>Questi Termini e Condizioni regolano anche le leggi di . Qualsiasi controversia relativa ai presenti Termini e Condizioni sar\u00e0 soggetta alla giurisdizione dei tribunali di . Costituisce parte qualificata delle disposizioni dei presenti termini e condizioni ed \u00e8 ritenuta da un tribunale o da un&#039;altra autorit\u00e0 non valida e\/o inapplicabile ai sensi della legge applicabile, tale parte o disposizione sar\u00e0 modificata, eliminata e\/o applicata nella misura massima consentita in modo da dare effetto all&#039;intento di questi termini e condizioni. Le altre disposizioni non interessano.<\/p><h2>25. Informazioni di contatto<\/h2><p>Questo sito web \u00e8 di propriet\u00e0 e gestito da .<\/p><h2>26. Scarica<\/h2><p>Puoi anche <a href=\"https:\/\/chrissmart.de\/wp-content\/plugins\/complianz-terms-conditions\/download.php\">scaricamento<\/a> I nostri Termini e Condizioni in formato PDF.<\/p><\/div>","protected":false},"excerpt":{"rendered":"","protected":false},"author":1,"featured_media":0,"parent":0,"menu_order":0,"comment_status":"closed","ping_status":"closed","template":"","meta":{"_acf_changed":false,"googlesitekit_rrm_CAowl7q2DA:productID":"","footnotes":""},"class_list":["post-4340","page","type-page","status-publish","hentry"],"acf":[],"blog_post_layout_featured_media_urls":{"thumbnail":"","full":""},"categories_names":null,"comments_number":"0","wpmagazine_modules_lite_featured_media_urls":{"thumbnail":"","cvmm-medium":"","cvmm-medium-plus":"","cvmm-portrait":"","cvmm-medium-square":"","cvmm-large":"","cvmm-small":"","full":""},"jetpack_sharing_enabled":true,"_links":{"self":[{"href":"https:\/\/chrissmart.de\/it\/wp-json\/wp\/v2\/pages\/4340","targetHints":{"allow":["GET"]}}],"collection":[{"href":"https:\/\/chrissmart.de\/it\/wp-json\/wp\/v2\/pages"}],"about":[{"href":"https:\/\/chrissmart.de\/it\/wp-json\/wp\/v2\/types\/page"}],"author":[{"embeddable":true,"href":"https:\/\/chrissmart.de\/it\/wp-json\/wp\/v2\/users\/1"}],"replies":[{"embeddable":true,"href":"https:\/\/chrissmart.de\/it\/wp-json\/wp\/v2\/comments?post=4340"}],"version-history":[{"count":0,"href":"https:\/\/chrissmart.de\/it\/wp-json\/wp\/v2\/pages\/4340\/revisions"}],"wp:attachment":[{"href":"https:\/\/chrissmart.de\/it\/wp-json\/wp\/v2\/media?parent=4340"}],"curies":[{"name":"parola chiave","href":"https:\/\/api.w.org\/{rel}","templated":true}]}}