{"id":47,"date":"2023-08-06T10:32:23","date_gmt":"2023-08-06T10:32:23","guid":{"rendered":"http:\/\/chrissmart.de\/?page_id=47"},"modified":"2025-11-04T17:40:04","modified_gmt":"2025-11-04T17:40:04","slug":"impressum","status":"publish","type":"page","link":"https:\/\/chrissmart.de\/it\/impronta\/","title":{"rendered":"impronta"},"content":{"rendered":"<div class=\"impressum__imprint-container\"><dl><dt>nome<\/dt><dd>Chris Smart<\/dd><dt>Indirizzo<\/dt><dd>Franz-Marc-Stra\u00dfe 3<br \/>\r\n22115 Amburgo<\/dd><dt>Indirizzo e-mail<\/dt><dd><a href=\"mailto:info@chrissmart.de\">info@chrissmart.de<\/a><\/dd><dt>Telefono<\/dt><dd>Numero di telefono: 00491703178095<\/dd><dt>Responsabile del contenuto<\/dt><dd>Chris Smart<br \/>\r\nFranz-Marc-Stra\u00dfe 3<br \/>\r\n22115 Amburgo<\/dd><\/dl><\/div>\n\n\n<p><strong>Disclaimer<\/strong><\/p>\n\n\n\n<p><strong>1. Avvertenza sul contenuto<\/strong><\/p>\n\n\n\n<p>I contenuti gratuiti e accessibili al pubblico di questo sito web sono stati creati con la massima cura. Tuttavia, il fornitore di questo sito web non si assume alcuna responsabilit\u00e0 per l&#039;accuratezza e la tempestivit\u00e0 dei consigli e delle notizie giornalistiche gratuite e accessibili al pubblico forniti. L&#039;utilizzo dei contenuti di questo sito web \u00e8 a proprio rischio e pericolo. Il semplice accesso a questi contenuti gratuiti e accessibili al pubblico non crea alcun rapporto contrattuale tra l&#039;utente e il fornitore, poich\u00e9 quest&#039;ultimo non ha alcuna intenzione di stipulare un accordo legalmente vincolante.<\/p>\n\n\n\n<p><strong>2. Collegamenti<\/strong><\/p>\n\n\n\n<p>Questo sito web contiene link ad altri siti web (&quot;link esterni&quot;). La responsabilit\u00e0 di tali siti web \u00e8 dei rispettivi gestori. Al momento della creazione dei link esterni non sono state riscontrate violazioni di legge. Il fornitore non ha alcuna influenza sulla struttura attuale o futura delle pagine collegate. Non \u00e8 ragionevole pretendere dal fornitore un monitoraggio costante dei link esterni in assenza di indizi concreti di violazioni di legge. In caso di segnalazione di violazioni di legge, i link esterni interessati verranno rimossi immediatamente.<\/p>\n\n\n\n<p><strong>3. Diritto d&#039;autore \/ Diritti connessi<\/strong><\/p>\n\n\n\n<p>I contenuti pubblicati su questo sito web dal fornitore sono soggetti alla legge tedesca sul diritto d&#039;autore e alle leggi accessorie sul diritto d&#039;autore. Qualsiasi utilizzo non consentito dalla legge tedesca sul diritto d&#039;autore e dalle leggi accessorie sul diritto d&#039;autore richiede il previo consenso scritto del fornitore o del rispettivo titolare dei diritti. Ci\u00f2 vale in particolare per la riproduzione, l&#039;elaborazione, la traduzione, la memorizzazione, l&#039;elaborazione o la trasmissione di contenuti in banche dati o altri media e sistemi elettronici. I contenuti e i diritti di terzi sono contrassegnati come tali. La copia non autorizzata dei contenuti del sito web o dell&#039;intero sito web \u00e8 vietata e punibile dalla legge. \u00c8 consentita solo la creazione di copie e il download per uso personale, privato e non commerciale.<\/p>\n\n\n\n<p>Questo sito web non pu\u00f2 essere visualizzato in frame o iframe da terze parti senza autorizzazione scritta.<\/p>\n\n\n\n<p><strong>4. Nessuna pubblicit\u00e0<\/strong><\/p>\n\n\n\n<p>L&#039;utilizzo dei dati di contatto indicati nelle note legali per scopi pubblicitari \u00e8 espressamente vietato, salvo previo consenso scritto del fornitore o qualora non sussista gi\u00e0 un rapporto commerciale. Il fornitore e tutte le persone menzionate su questo sito web si oppongono a qualsiasi utilizzo commerciale e alla divulgazione dei propri dati.<\/p>\n\n\n\n<p><strong>5. Condizioni d&#039;uso speciali<\/strong><\/p>\n\n\n\n<p>Qualora condizioni particolari per singoli utilizzi di questo sito web si discostino dai punti da 1 a 4 sopra menzionati, ci\u00f2 sar\u00e0 espressamente indicato al punto corrispondente. In tal caso, si applicheranno le condizioni particolari di volta in volta applicabili.<\/p>\n\n\n\n<p>Fonte: <a href=\"https:\/\/www.fachanwalt.de\" rel=\"nofollow noopener\" target=\"_blank\">Visualizza l&#039;originale<\/a><\/p>","protected":false},"excerpt":{"rendered":"<p>Haftungsausschluss \/ DISCLAIMER 1. Warnhinweis zu Inhalten Die kostenlosen und frei zug\u00e4nglichen Inhalte dieser Webseite wurden mit gr\u00f6\u00dftm\u00f6glicher Sorgfalt erstellt. Der Anbieter dieser Webseite \u00fcbernimmt jedoch keine Gew\u00e4hr f\u00fcr die Richtigkeit und Aktualit\u00e4t der bereitgestellten kostenlosen und frei zug\u00e4nglichen journalistischen Ratgeber und Nachrichten. Die Nutzung dieser Webseiteninhalte erfolgt auf eigene Gefahr. Allein durch den Aufruf [&hellip;]<\/p>\n","protected":false},"author":1,"featured_media":0,"parent":0,"menu_order":0,"comment_status":"closed","ping_status":"closed","template":"","meta":{"_acf_changed":false,"googlesitekit_rrm_CAowl7q2DA:productID":"","footnotes":""},"class_list":["post-47","page","type-page","status-publish","hentry"],"acf":[],"blog_post_layout_featured_media_urls":{"thumbnail":"","full":""},"categories_names":null,"comments_number":"0","wpmagazine_modules_lite_featured_media_urls":{"thumbnail":"","cvmm-medium":"","cvmm-medium-plus":"","cvmm-portrait":"","cvmm-medium-square":"","cvmm-large":"","cvmm-small":"","full":""},"jetpack_sharing_enabled":true,"_links":{"self":[{"href":"https:\/\/chrissmart.de\/it\/wp-json\/wp\/v2\/pages\/47","targetHints":{"allow":["GET"]}}],"collection":[{"href":"https:\/\/chrissmart.de\/it\/wp-json\/wp\/v2\/pages"}],"about":[{"href":"https:\/\/chrissmart.de\/it\/wp-json\/wp\/v2\/types\/page"}],"author":[{"embeddable":true,"href":"https:\/\/chrissmart.de\/it\/wp-json\/wp\/v2\/users\/1"}],"replies":[{"embeddable":true,"href":"https:\/\/chrissmart.de\/it\/wp-json\/wp\/v2\/comments?post=47"}],"version-history":[{"count":0,"href":"https:\/\/chrissmart.de\/it\/wp-json\/wp\/v2\/pages\/47\/revisions"}],"wp:attachment":[{"href":"https:\/\/chrissmart.de\/it\/wp-json\/wp\/v2\/media?parent=47"}],"curies":[{"name":"parola chiave","href":"https:\/\/api.w.org\/{rel}","templated":true}]}}